{"id":884,"date":"2023-05-19T12:01:23","date_gmt":"2023-05-19T10:01:23","guid":{"rendered":"https:\/\/webs.seoyconsultoria.com\/samaranch\/nous\/"},"modified":"2023-11-07T11:27:40","modified_gmt":"2023-11-07T09:27:40","slug":"nous","status":"publish","type":"page","link":"https:\/\/www.samaranch.com\/fr\/nous\/","title":{"rendered":"Nous"},"content":{"rendered":"<p>[et_pb_section fb_built=\u00a0\u00bb1&Prime; admin_label=\u00a0\u00bbAbout\u00a0\u00bb _builder_version=\u00a0\u00bb4.16&Prime; _module_preset=\u00a0\u00bbdefault\u00a0\u00bb overflow-x=\u00a0\u00bbhidden\u00a0\u00bb overflow-y=\u00a0\u00bbhidden\u00a0\u00bb locked=\u00a0\u00bboff\u00a0\u00bb global_colors_info=\u00a0\u00bb{}\u00a0\u00bb][et_pb_row column_structure=\u00a0\u00bb3_5,2_5&Prime; make_equal=\u00a0\u00bbon\u00a0\u00bb _builder_version=\u00a0\u00bb4.21.0&Prime; _module_preset=\u00a0\u00bbdefault\u00a0\u00bb custom_padding=\u00a0\u00bb||0px|||\u00a0\u00bb custom_css_main_element=\u00a0\u00bbalign-items:center;\u00a0\u00bb global_colors_info=\u00a0\u00bb{}\u00a0\u00bb][et_pb_column type=\u00a0\u00bb3_5&Prime; _builder_version=\u00a0\u00bb4.16&Prime; _module_preset=\u00a0\u00bbdefault\u00a0\u00bb global_colors_info=\u00a0\u00bb{}\u00a0\u00bb][et_pb_text _builder_version=\u00a0\u00bb4.21.0&Prime; _module_preset=\u00a0\u00bbdefault\u00a0\u00bb header_3_font=\u00a0\u00bbEB Garamond|500|||||||\u00a0\u00bb header_3_font_size=\u00a0\u00bb20px\u00a0\u00bb header_3_line_height=\u00a0\u00bb1.1em\u00a0\u00bb custom_margin=\u00a0\u00bb||10px||false|false\u00a0\u00bb locked=\u00a0\u00bboff\u00a0\u00bb global_colors_info=\u00a0\u00bb{}\u00a0\u00bb]<\/p>\n<h3>En esp\u00e9rant que les informations ci-dessus sera d\u00b4int\u00e9r\u00eat, obtenir en mon nom et celui de toute l\u00b4\u00e9quipe de nos salutations les plus chaleureuses.<\/h3>\n<p>[\/et_pb_text][et_pb_divider color=\u00a0\u00bb#E13830&Prime; divider_weight=\u00a0\u00bb2px\u00a0\u00bb _builder_version=\u00a0\u00bb4.21.0&Prime; _module_preset=\u00a0\u00bbdefault\u00a0\u00bb width=\u00a0\u00bb96%\u00a0\u00bb custom_margin=\u00a0\u00bb||19px|||\u00a0\u00bb locked=\u00a0\u00bboff\u00a0\u00bb global_colors_info=\u00a0\u00bb{}\u00a0\u00bb][\/et_pb_divider][\/et_pb_column][et_pb_column type=\u00a0\u00bb2_5&Prime; _builder_version=\u00a0\u00bb4.16&Prime; _module_preset=\u00a0\u00bbdefault\u00a0\u00bb global_colors_info=\u00a0\u00bb{}\u00a0\u00bb][\/et_pb_column][\/et_pb_row][et_pb_row column_structure=\u00a0\u00bb3_5,2_5&Prime; make_equal=\u00a0\u00bbon\u00a0\u00bb _builder_version=\u00a0\u00bb4.21.0&Prime; _module_preset=\u00a0\u00bbdefault\u00a0\u00bb custom_padding=\u00a0\u00bb0px||27px|||\u00a0\u00bb custom_css_main_element=\u00a0\u00bbalign-items:center;\u00a0\u00bb global_colors_info=\u00a0\u00bb{}\u00a0\u00bb][et_pb_column type=\u00a0\u00bb3_5&Prime; _builder_version=\u00a0\u00bb4.16&Prime; _module_preset=\u00a0\u00bbdefault\u00a0\u00bb global_colors_info=\u00a0\u00bb{}\u00a0\u00bb][et_pb_text _builder_version=\u00a0\u00bb4.21.0&Prime; _module_preset=\u00a0\u00bbdefault\u00a0\u00bb header_2_font=\u00a0\u00bbEB Garamond|600|||||||\u00a0\u00bb header_2_font_size=\u00a0\u00bb40px\u00a0\u00bb header_2_line_height=\u00a0\u00bb1.3em\u00a0\u00bb custom_margin=\u00a0\u00bb||-1px|||\u00a0\u00bb header_2_font_size_tablet=\u00a0\u00bb34px\u00a0\u00bb header_2_font_size_phone=\u00a0\u00bb22px\u00a0\u00bb header_2_font_size_last_edited=\u00a0\u00bbon|phone\u00a0\u00bb locked=\u00a0\u00bboff\u00a0\u00bb global_colors_info=\u00a0\u00bb{}\u00a0\u00bb header_2_2_font_size_tablet=\u00a0\u00bb34px\u00a0\u00bb header_3_2_font_size_tablet=\u00a0\u00bb34px\u00a0\u00bb header_4_2_font_size_tablet=\u00a0\u00bb34px\u00a0\u00bb header_5_2_font_size_tablet=\u00a0\u00bb34px\u00a0\u00bb header_6_2_font_size_tablet=\u00a0\u00bb34px\u00a0\u00bb header_2_2_font_size_phone=\u00a0\u00bb22px\u00a0\u00bb header_3_2_font_size_phone=\u00a0\u00bb22px\u00a0\u00bb header_4_2_font_size_phone=\u00a0\u00bb22px\u00a0\u00bb header_5_2_font_size_phone=\u00a0\u00bb22px\u00a0\u00bb header_6_2_font_size_phone=\u00a0\u00bb22px\u00a0\u00bb header_2_2_font_size_last_edited=\u00a0\u00bbon|phone\u00a0\u00bb header_3_2_font_size_last_edited=\u00a0\u00bbon|phone\u00a0\u00bb header_4_2_font_size_last_edited=\u00a0\u00bbon|phone\u00a0\u00bb header_5_2_font_size_last_edited=\u00a0\u00bbon|phone\u00a0\u00bb header_6_2_font_size_last_edited=\u00a0\u00bbon|phone\u00a0\u00bb]<\/p>\n<h1>Nous<\/h1>\n<p>[\/et_pb_text][et_pb_text _builder_version=\u00a0\u00bb4.21.0&Prime; _module_preset=\u00a0\u00bbdefault\u00a0\u00bb text_font=\u00a0\u00bb||||||||\u00a0\u00bb text_font_size=\u00a0\u00bb16px\u00a0\u00bb text_line_height=\u00a0\u00bb1.8em\u00a0\u00bb locked=\u00a0\u00bboff\u00a0\u00bb global_colors_info=\u00a0\u00bb{}\u00a0\u00bb]Le Dr. Samaranch a commenc\u00e9 sa carri\u00e8re professionnelle en 1979 \u00e0 la \u201cCasa Provincial de la  Maternidad de Barcelona\u00a0\u00bb<\/p>\n<p>     Au d\u00e9but des ann\u00e9es 80 il r\u00e9alisa plusieurs stages de perfectionement gyn\u00e9cologique et obst\u00e9trique  \u00e0 l\u2019H\u00f4pital Sant Antoine, \u00e0 Paris, avec le chef de service Professeur Barrat et avec le Dr V\u00e9lais, alors Pr\u00e9sident de l\u2019Association Internationale de Psycoprofilxis. (Le Dr. Samaranch parle courament le Fran\u00e7ais).<\/p>\n<p>      En 1982 il cr\u00e9ait son premier cabinet m\u00e9dical \u00e0 Barcelone, Rue Gonz\u00e1lez Tablas, En F\u00e9vrier 2011 il inaugure le cabinet m\u00e9dical \u201cSAMARANCH CONSULTA GINECOLOGICA\u201d avec une \u00e9quipe de m\u00e9decins d\u2019une grande qualit\u00e9 professionnelle et humaine, offrant \u00e0 ses patientes le plus haut niveau d\u2019assistance personnalis\u00e9e, tout cela dans un contexte agr\u00e9able.[\/et_pb_text][et_pb_video src=\u00a0\u00bbhttps:\/\/www.youtube.com\/watch?v=SptpTiUZsMM\u00a0\u00bb image_src=\u00a0\u00bbhttps:\/\/www.samaranch.com\/wp-content\/uploads\/2023\/05\/mom-dad-and-daughter-watching-ultrasound-picture-of-baby-family-in-light-clothes-family-expecting-baby.jpg\u00a0\u00bb _builder_version=\u00a0\u00bb4.21.0&Prime; _module_preset=\u00a0\u00bbdefault\u00a0\u00bb width=\u00a0\u00bb100%\u00a0\u00bb max_width=\u00a0\u00bb100%\u00a0\u00bb global_colors_info=\u00a0\u00bb{}\u00a0\u00bb][\/et_pb_video][\/et_pb_column][et_pb_column type=\u00a0\u00bb2_5&Prime; _builder_version=\u00a0\u00bb4.16&Prime; _module_preset=\u00a0\u00bbdefault\u00a0\u00bb global_colors_info=\u00a0\u00bb{}\u00a0\u00bb][et_pb_image src=\u00a0\u00bbhttps:\/\/www.samaranch.com\/wp-content\/uploads\/2023\/05\/womenshealthcenter.jpg\u00a0\u00bb alt=\u00a0\u00bbWomenshealthcenter\u00a0\u00bb title_text=\u00a0\u00bbWomenshealthcenter\u00a0\u00bb _builder_version=\u00a0\u00bb4.21.0&Prime; _module_preset=\u00a0\u00bbdefault\u00a0\u00bb custom_margin=\u00a0\u00bb|-30vw|||false|false\u00a0\u00bb custom_margin_tablet=\u00a0\u00bb|0vw|||false|false\u00a0\u00bb custom_margin_phone=\u00a0\u00bb\u00a0\u00bb custom_margin_last_edited=\u00a0\u00bbon|tablet\u00a0\u00bb global_colors_info=\u00a0\u00bb{}\u00a0\u00bb][\/et_pb_image][\/et_pb_column][\/et_pb_row][et_pb_row use_custom_gutter=\u00a0\u00bbon\u00a0\u00bb _builder_version=\u00a0\u00bb4.21.0&Prime; _module_preset=\u00a0\u00bbdefault\u00a0\u00bb background_color=\u00a0\u00bbRGBA(225,56,48,0.08)\u00a0\u00bb width=\u00a0\u00bb100%\u00a0\u00bb max_width=\u00a0\u00bb2560px\u00a0\u00bb custom_margin=\u00a0\u00bb27px|auto||auto||\u00a0\u00bb custom_padding=\u00a0\u00bb|15vw||15vw|false|true\u00a0\u00bb global_colors_info=\u00a0\u00bb{}\u00a0\u00bb][et_pb_column type=\u00a0\u00bb4_4&Prime; _builder_version=\u00a0\u00bb4.21.0&Prime; _module_preset=\u00a0\u00bbdefault\u00a0\u00bb global_colors_info=\u00a0\u00bb{}\u00a0\u00bb][et_pb_text _builder_version=\u00a0\u00bb4.21.0&Prime; _module_preset=\u00a0\u00bbdefault\u00a0\u00bb text_font=\u00a0\u00bbEB Garamond||||||||\u00a0\u00bb text_font_size=\u00a0\u00bb20px\u00a0\u00bb text_line_height=\u00a0\u00bb1.4em\u00a0\u00bb header_line_height=\u00a0\u00bb1.3em\u00a0\u00bb text_orientation=\u00a0\u00bbcenter\u00a0\u00bb global_colors_info=\u00a0\u00bb{}\u00a0\u00bb]Samaranch Consulta Ginecol\u00f3gica enregistr\u00e9e sous le n\u00ba E08969740 aupr\u00e8s du \u00ab\u00a0Registro de Centros  Servicios y Establecimientos Sanitarios del Departamento de Salud de La Generalitat de Catalu\u00f1a\u00a0\u00bb.<\/p>\n<p>Enregistr\u00e9e aussi sous le n\u00ba 11584 aupr\u00e9s du \u00ab\u00a0Registro Auton\u00f3mico de Centros, Servicios, y Establecimientos Sanitarios de la Generalitat Valenciana\u00a0\u00bb pour son centre \u00e0 Vinaros (Castell\u00f3n).[\/et_pb_text][\/et_pb_column][\/et_pb_row][\/et_pb_section][et_pb_section fb_built=\u00a0\u00bb1&Prime; _builder_version=\u00a0\u00bb4.21.0&Prime; _module_preset=\u00a0\u00bbdefault\u00a0\u00bb custom_padding=\u00a0\u00bb||60px|||\u00a0\u00bb global_colors_info=\u00a0\u00bb{}\u00a0\u00bb][et_pb_row make_equal=\u00a0\u00bbon\u00a0\u00bb _builder_version=\u00a0\u00bb4.21.0&Prime; _module_preset=\u00a0\u00bbdefault\u00a0\u00bb max_width=\u00a0\u00bb2560px\u00a0\u00bb global_colors_info=\u00a0\u00bb{}\u00a0\u00bb][et_pb_column type=\u00a0\u00bb4_4&Prime; _builder_version=\u00a0\u00bb4.21.0&Prime; _module_preset=\u00a0\u00bbdefault\u00a0\u00bb global_colors_info=\u00a0\u00bb{}\u00a0\u00bb][dnxte_multi_heading text_one=\u00a0\u00bbCL\u00cdNICA SAMARANCH\u00a0\u00bb text_two=\u00a0\u00bbEquipo\u00a0\u00bb display_type_select=\u00a0\u00bbon\u00a0\u00bb text_one_reveal_effect=\u00a0\u00bbon\u00a0\u00bb text_one_reveal_color_before=\u00a0\u00bb#E13830&Prime; _builder_version=\u00a0\u00bb4.21.0&Prime; _module_preset=\u00a0\u00bbdefault\u00a0\u00bb text_one_font=\u00a0\u00bbOpen Sans|600|||||||\u00a0\u00bb text_one_text_align=\u00a0\u00bbcenter\u00a0\u00bb text_one_text_color=\u00a0\u00bb#E13830&Prime; text_one_font_size=\u00a0\u00bb24px\u00a0\u00bb text_two_font=\u00a0\u00bb|700|||||||\u00a0\u00bb text_two_text_align=\u00a0\u00bbcenter\u00a0\u00bb text_two_font_size=\u00a0\u00bb36px\u00a0\u00bb global_colors_info=\u00a0\u00bb{}\u00a0\u00bb][\/dnxte_multi_heading][et_pb_toggle title=\u00a0\u00bbDr. Samaranch\u00a0\u00bb open_toggle_text_color=\u00a0\u00bb#000000&Prime; open_toggle_background_color=\u00a0\u00bbRGBA(255,255,255,0)\u00a0\u00bb closed_toggle_background_color=\u00a0\u00bb#F5F5F5&Prime; _builder_version=\u00a0\u00bb4.21.0&Prime; _module_preset=\u00a0\u00bbdefault\u00a0\u00bb title_text_color=\u00a0\u00bb#000000&Prime; title_font_size=\u00a0\u00bb22px\u00a0\u00bb custom_margin=\u00a0\u00bb2px||2px||true|false\u00a0\u00bb border_width_all=\u00a0\u00bb0px\u00a0\u00bb global_colors_info=\u00a0\u00bb{}\u00a0\u00bb]<\/p>\n<p style=\"text-align: center;\"><img decoding=\"async\" class=\"wp-image-73 alignnone size-full\" src=\"https:\/\/www.samaranch.com\/wp-content\/uploads\/2023\/05\/dr-samaranch.png\" alt=\"Dr Samaranch\" width=\"143\" height=\"139\" \/><\/p>\n<p>Le Dr. Samaranch a fait ses \u00e9tudes de m\u00e9decine \u00e0 la Facult\u00e9 de M\u00e9decine de l\u2019Universit\u00e9 Centrale de Barcelona (\u201cHospital Cl\u00ednico\u201d).\u00c0 la fin de ses \u00e9tudes, il rejoint la \u201cCasa Provincial de la\u00a0 Maternidad de Barcelona\u201d pour r\u00e9aliser la sp\u00e9cialit\u00e9 d\u2019Obst\u00e9trique et Gyn\u00e9cologie, dont il obtient le dipl\u00f4me en 1982. En 1984 il entre dans la Soci\u00e9t\u00e9 Espagnole de Fertilit\u00e9, qui est un domaine dans lequel il n\u2019a pas cess\u00e9 de travailler depuis. De 1984 \u00e0 2002 il fut le Responsable du Service d\u2019Urgences Gyn\u00e9cologiques de la Clinique Corachan \u00e0 Barcelone.<\/p>\n<p>\u00a0\u00a0\u00a0\u00a0\u00a0En 1991 il demande le cong\u00e9 de son poste d\u2019adjoint \u00e0 la \u201cCasa Provincial de la Maternidad de Barcelona\u201d, poste obtenu par concours oposition. Au mois d\u2019Octobre 1997 il installe dans son cabinet m\u00e9dical sis \u00e0 Barcelone, Rue Gonz\u00e1lez Tablas, le premier appareil\u00a0 \u00e9chographe avec technologie 3D, et devient le pionnier de cette technique en Catalogne.<\/p>\n<p>\u00a0 \u00a0 \u00a0<span lang=\"FR\">En F\u00e9vrier 2011, une nouvelle aventure commence dans la requ\u00eate situ\u00e9e dans la rue\u00a0<\/span>Carabela la Ni\u00f1a, en attendant que\u00a0<span lang=\"FR\">comme le le bateau de Christophe Colomb qui donne son nom \u00e0 la rue, atteindre les objectifs professionnels fix\u00e9s, sans perdre \u00e0 aucun moment ce qui a marqu\u00e9 sa carri\u00e8re professionnelle d\u00e8s le d\u00e9but, \u00e0 savoir une attention directe et absolument personnalis\u00e9e \u00e0 ses patients<\/span>.<\/p>\n<p>[\/et_pb_toggle][et_pb_toggle title=\u00a0\u00bbDra. Alejandra Xenia Paz\u00a0\u00bb open_toggle_text_color=\u00a0\u00bb#000000&Prime; open_toggle_background_color=\u00a0\u00bbRGBA(255,255,255,0)\u00a0\u00bb closed_toggle_background_color=\u00a0\u00bb#F5F5F5&Prime; _builder_version=\u00a0\u00bb4.21.0&Prime; _module_preset=\u00a0\u00bbdefault\u00a0\u00bb title_text_color=\u00a0\u00bb#000000&Prime; title_font_size=\u00a0\u00bb22px\u00a0\u00bb custom_margin=\u00a0\u00bb2px||2px||true|false\u00a0\u00bb border_width_all=\u00a0\u00bb0px\u00a0\u00bb global_colors_info=\u00a0\u00bb{}\u00a0\u00bb]<\/p>\n<p style=\"text-align: center;\"><img decoding=\"async\" class=\"wp-image-73 alignnone size-full\" src=\"https:\/\/www.samaranch.com\/wp-content\/uploads\/2023\/05\/6d1f8-alexandra.png\" alt=\"Dr Samaranch\" width=\"143\" height=\"139\" \/><\/p>\n<p>La Dresse. Alejandra Xenia PAZ, , fille d\u2019un prestigieux gyn\u00e9cologue Argentin, a fait ses \u00e9tudes de m\u00e9decine \u00e0 l\u2019Universit\u00e9 de Buenos Aires (Argentine), et s\u2019est sp\u00e9cialis\u00e9e en Obst\u00e9trique et Gyn\u00e9cologie \u00e0 l\u2019H\u00f4pital San Roque de Gonnet, \u00e0 La Plata, o\u00f9 elle a obtenu son dipl\u00f4me en 2008.<\/p>\n<p>\u00a0\u00a0\u00a0\u00a0\u00a0Par la suite elle sera nomm\u00e9e, par concours, \u00e0 la direction des R\u00e9sidents de Gyn\u00e9cologie et Obst\u00e9trique.<\/p>\n<p>\u00a0\u00a0\u00a0\u00a0\u00a0En 2009, et compte tenu de sa double nationnalit\u00e9 espagnole-argentine, elle fait enregistrer en Espagne son titre de m\u00e9decine et sa sp\u00e9cialit\u00e9 en Gyn\u00e9cologie et Obst\u00e9trique, et commence \u00e0 travailler\u00a0 \u00e0 l\u2019H\u00f4pital Universitaire Sant Joan de Reus (Tarragone).<\/p>\n<p>\u00a0\u00a0\u00a0\u00a0\u00a0En 2011 elle fait \u00e0 Barcelone un Master en Techniques de Reproduction Assist\u00e9e \u00e0 l\u2019\u201cInstituto Valenciano de Infertilidad\u201d (IVI), et cette m\u00eame ann\u00e9e elle entre au cabinet m\u00e9dical \u201cSAMARANCH CONSULTA GINECOLOGICA\u00a0\u00bb.<\/p>\n<p>[\/et_pb_toggle][et_pb_toggle title=\u00a0\u00bbDr. Enrique Jes\u00fas Barrau\u00a0\u00bb open_toggle_text_color=\u00a0\u00bb#000000&Prime; open_toggle_background_color=\u00a0\u00bbRGBA(255,255,255,0)\u00a0\u00bb closed_toggle_background_color=\u00a0\u00bb#F5F5F5&Prime; _builder_version=\u00a0\u00bb4.21.0&Prime; _module_preset=\u00a0\u00bbdefault\u00a0\u00bb title_text_color=\u00a0\u00bb#000000&Prime; title_font_size=\u00a0\u00bb22px\u00a0\u00bb custom_margin=\u00a0\u00bb2px||2px||true|false\u00a0\u00bb border_width_all=\u00a0\u00bb0px\u00a0\u00bb global_colors_info=\u00a0\u00bb{}\u00a0\u00bb]<\/p>\n<p style=\"text-align: center;\"><img decoding=\"async\" class=\"wp-image-73 alignnone size-full\" src=\"https:\/\/www.samaranch.com\/wp-content\/uploads\/2023\/05\/88e80-enrique.png\" alt=\"Dr Samaranch\" width=\"143\" height=\"139\" \/><\/p>\n<p>Dipl\u00f4m\u00e9 en M\u00e9decine et Chirurgie par l\u2019Universit\u00e9 Centrale de Barcelone (Hospital Cl\u00ednic)<\/p>\n<p>\u00a0\u00a0\u00a0\u00a0\u00a0Il rejoint la \u201cCasa Provincial de la\u00a0 Maternidad de Barcelona\u201d pour r\u00e9aliser la sp\u00e9cialit\u00e9 d\u2019Obst\u00e9trique et Gyn\u00e9cologie, dont le Dr. Luis Guilera Vallhonrat \u00e9tait le chef de service \u00e0 cette \u00e9poque.<\/p>\n<p>\u00a0\u00a0\u00a0\u00a0\u00a01983: Docteur en M\u00e9decine et en Chirurgie par l\u2019Universit\u00e9 de Barcelone avec la distinction \u201ccum laude\u00a0\u00bb.<\/p>\n<p>\u00a0\u00a0\u00a0\u00a0\u00a0Inscrit au Coll\u00e8ge des M\u00e9decins de Barcelone et sa province, sous le n\u00ba 11.392.<\/p>\n<p>\u00a0 \u00a0 \u00a0En 1984, il obtient par concours une place prioritaire d\u2019adjoint \u00e0 la \u201cCasa Provincial de la\u00a0 Maternidad de Barcelona, poste qu\u2019il occupe toujours. Ce centre m\u00e9dical fait parti du ICGON (Institut Clinique de Gyn\u00e9cologie, Obst\u00e9trique et Neonatologie) dont le responsable est actuellement le professeur M. Gratacos.<\/p>\n<p>\u00a0\u00a0\u00a0\u00a0\u00a0De 1980 \u00e0 2006, M\u00e9decin Adjoint du Service d\u2019Obst\u00e9trique et Gyn\u00e9cologie de l\u2019H\u00f4pital de la Croix Rouge de L\u2019Hospitalet de Llobregat (Barcelone).<\/p>\n<p>\u00a0\u00a0\u00a0\u00a0\u00a0Conseiller m\u00e9dical de l\u2019Institut Barraquer \u00ab\u00a0Centre d\u2019Ophtalmologie Barraquer\u201d de Barcelone.<\/p>\n<p>\u00a0\u00a0\u00a0\u00a0Au mois de Mars de 2014\u00a0 il rejoint le cabinet m\u00e9dical \u201cSAMARANCH CONSULTA \u00ab\u00a0.<\/p>\n<p>[\/et_pb_toggle][et_pb_toggle title=\u00a0\u00bbDr. Santiago Gonz\u00e1lez\u00a0\u00bb open_toggle_text_color=\u00a0\u00bb#000000&Prime; open_toggle_background_color=\u00a0\u00bbRGBA(255,255,255,0)\u00a0\u00bb closed_toggle_background_color=\u00a0\u00bb#F5F5F5&Prime; _builder_version=\u00a0\u00bb4.21.0&Prime; _module_preset=\u00a0\u00bbdefault\u00a0\u00bb title_text_color=\u00a0\u00bb#000000&Prime; title_font_size=\u00a0\u00bb22px\u00a0\u00bb custom_margin=\u00a0\u00bb2px||2px||true|false\u00a0\u00bb border_width_all=\u00a0\u00bb0px\u00a0\u00bb global_colors_info=\u00a0\u00bb{}\u00a0\u00bb]<\/p>\n<p style=\"text-align: center;\"><img decoding=\"async\" class=\"wp-image-73 alignnone size-full\" src=\"https:\/\/www.samaranch.com\/wp-content\/uploads\/2023\/05\/santiago-equipo.png\" alt=\"Dr Samaranch\" width=\"143\" height=\"139\" \/><\/p>\n<div>En 1988 le Dr. Gonz\u00e1lez termine ses \u00e9tudes de m\u00e9decine \u00e0 l\u2019Universit\u00e9 Centrale de Barcelone (Hospital Clinic).<\/div>\n<div>Il acc\u00e8de alors comme interne \u00e0 l\u2019H\u00f4pital San Juan de Dios de Barcelone o\u00f9 il fait la sp\u00e9cialit\u00e9 d\u2019Obst\u00e9trique et Gyn\u00e9cologie.<\/div>\n<div>En 1992 il devient sp\u00e9cialiste en Obst\u00e9trique et Gyn\u00e9cologie.<\/div>\n<div>Il gagne par concours une place comme m\u00e9decin adjoint du Service d\u2019Obst\u00e9trique et Gyn\u00e9cologie \u00e0 l\u2019h\u00f4pital San Juan de Dios de Barcelone, poste qu\u2019il occupe toujours.<\/div>\n<div>Le Dr. Gonz\u00e1lez est r\u00e9put\u00e9 dans les domaines de la chirurgie endoscopique (hyst\u00e9roscopie et laparoscopie) et de la m\u00e9decine reproductive.<\/div>\n<div>Au mois de Juin de 2014\u00a0 il entre au cabinet m\u00e9dical \u201cSAMARANCH CONSULTA\u201d, o\u00f9 il d\u00e9veloppe son activit\u00e9 priv\u00e9e.<\/div>\n<p>.<\/p>\n<p>[\/et_pb_toggle][et_pb_toggle title=\u00a0\u00bbDr. Alberto Puig Menen\u00a0\u00bb open_toggle_text_color=\u00a0\u00bb#000000&Prime; open_toggle_background_color=\u00a0\u00bbRGBA(255,255,255,0)\u00a0\u00bb closed_toggle_background_color=\u00a0\u00bb#F5F5F5&Prime; _builder_version=\u00a0\u00bb4.21.0&Prime; _module_preset=\u00a0\u00bbdefault\u00a0\u00bb title_text_color=\u00a0\u00bb#000000&Prime; title_font_size=\u00a0\u00bb22px\u00a0\u00bb custom_margin=\u00a0\u00bb2px||2px||true|false\u00a0\u00bb border_width_all=\u00a0\u00bb0px\u00a0\u00bb global_colors_info=\u00a0\u00bb{}\u00a0\u00bb]<\/p>\n<p style=\"text-align: center;\"><img decoding=\"async\" class=\"wp-image-73 alignnone size-full\" src=\"https:\/\/www.samaranch.com\/wp-content\/uploads\/2023\/05\/5dd77-alberto.png\" alt=\"Dr Samaranch\" width=\"143\" height=\"139\" \/><\/p>\n<p>Dipl\u00f4m\u00e9 en M\u00e9decine et Chirurgie par l\u2019Universit\u00e9 Centrale de Barcelone en 1973.<\/p>\n<p>\u00a0\u00a0\u00a0\u00a0Apr\u00e8s avoir \u00e9t\u00e9 un m\u00e9decin dans la Marine Marchande, dans les navires Cabo San Roque et Cabo San Vicente, il obtient en 1978 le dipl\u00f4me de sp\u00e9cialiste en Obst\u00e9trique et Gyn\u00e9cologie.<\/p>\n<p>\u00a0\u00a0\u00a0\u00a0Il fait une brillante carri\u00e8re \u00e0 l\u2019H\u00f4pital de la Croix Rouge de L\u2019Hospitalet de Llobregat (Barcelone), et fut nomm\u00e9 successivement Directeur Clinique et Chef du Service d\u2019Obst\u00e9trique et Gyn\u00e9cologie.<\/p>\n<p>\u00a0\u00a0\u00a0\u00a0\u00a0Depuis 1990, professeur assistant a la Chaire d\u2019Obst\u00e9trique et Gyn\u00e9cologie de la Facult\u00e9 de M\u00e9decine de l\u2019Universit\u00e9 de Barcelone.<\/p>\n<p>\u00a0 \u00a0 Dans sa vaste carri\u00e8re professionnelle, le Dr. Puig est r\u00e9put\u00e9 dans la sp\u00e9cialit\u00e9 d\u2019Obst\u00e9trique et Gyn\u00e9cologie<\/p>\n<p>[\/et_pb_toggle][et_pb_toggle title=\u00a0\u00bbDr. Manuel G\u00f3mez Prieto\u00a0\u00bb open_toggle_text_color=\u00a0\u00bb#000000&Prime; open_toggle_background_color=\u00a0\u00bbRGBA(255,255,255,0)\u00a0\u00bb closed_toggle_background_color=\u00a0\u00bb#F5F5F5&Prime; _builder_version=\u00a0\u00bb4.21.0&Prime; _module_preset=\u00a0\u00bbdefault\u00a0\u00bb title_text_color=\u00a0\u00bb#000000&Prime; title_font_size=\u00a0\u00bb22px\u00a0\u00bb custom_margin=\u00a0\u00bb2px||2px||true|false\u00a0\u00bb border_width_all=\u00a0\u00bb0px\u00a0\u00bb global_colors_info=\u00a0\u00bb{}\u00a0\u00bb]<\/p>\n<p style=\"text-align: center;\"><img decoding=\"async\" class=\"wp-image-73 alignnone size-full\" src=\"https:\/\/www.samaranch.com\/wp-content\/uploads\/2023\/05\/manuel-gomez.png\" alt=\"Dr Samaranch\" width=\"143\" height=\"139\" \/><\/p>\n<div>Dipl\u00f4m\u00e9 en m\u00e9decine en 1991 \u00e0 l&rsquo;Universit\u00e9 de La Havane \u00e0 Cuba. Dipl\u00f4m\u00e9e en tant que sp\u00e9cialiste en endocrinologie depuis 1997 \u00e0 l&rsquo;Institut national d&rsquo;endocrinologie de La Havane, Cuba. Il a commenc\u00e9 son travail en tant qu&rsquo;endocrinologue au Centre de recherche m\u00e9dicale chirurgicale o\u00f9 il est rest\u00e9 jusqu&rsquo;en 2003 et a ensuite continu\u00e9 \u00e0 l&rsquo;h\u00f4pital gyn\u00e9cologique-obst\u00e9trique Ram\u00f3n Gonz\u00e1lez Coro (Institut de la femme) \u00e0 Cuba jusqu&rsquo;en 2007 o\u00f9 il faisait \u00e9galement partie de l&rsquo;\u00e9quipe de reproduction dudit h\u00f4pital. . En 2007, il est venu \u00e0 Barcelone et depuis lors, il a travaill\u00e9 au Centre d&rsquo;infertilit\u00e9 et de reproduction humaine (CIRH) o\u00f9 il a coordonn\u00e9 le programme de don d&rsquo;ovocytes pendant 8 ans et en tant qu&rsquo;endocrinologue \u00e0 la Clinique Manuel Corachan.<\/div>\n<div>Formation sp\u00e9cialis\u00e9e en diab\u00e8te sucr\u00e9 \u00e0 l&rsquo;h\u00f4pital Sant Pau de Barcelone en 1999, o\u00f9 il a \u00e9galement suivi diff\u00e9rents cours de doctorat. Formation sp\u00e9cialis\u00e9e en reproduction et andrologie \u00e0 la Clinique Puigvert de Barcelone en 1999<\/div>\n<div>Formation sp\u00e9cialis\u00e9e en biologie de la reproduction pendant 6 mois \u00e0 l&rsquo;h\u00f4pital \u00c1ngeles del Pedregal au Mexique en 2003.<\/div>\n<div>Auteur du livre Clinical Aspects of Assisted Reproduction et de plusieurs publications nationales et internationales.<\/div>\n<div>Membre de la Soci\u00e9t\u00e9 Espagnole de Reproduction, de la Soci\u00e9t\u00e9 Espagnole d&rsquo;Endocrinologie et de la Soci\u00e9t\u00e9 Espagnole d&rsquo;Andrologie.<\/div>\n<p>[\/et_pb_toggle][et_pb_toggle title=\u00a0\u00bbPersonal Auxiliar\u00a0\u00bb open_toggle_text_color=\u00a0\u00bb#000000&Prime; open_toggle_background_color=\u00a0\u00bbRGBA(255,255,255,0)\u00a0\u00bb closed_toggle_background_color=\u00a0\u00bb#F5F5F5&Prime; _builder_version=\u00a0\u00bb4.21.0&Prime; _module_preset=\u00a0\u00bbdefault\u00a0\u00bb title_text_color=\u00a0\u00bb#000000&Prime; title_font_size=\u00a0\u00bb22px\u00a0\u00bb custom_margin=\u00a0\u00bb2px||2px||true|false\u00a0\u00bb border_width_all=\u00a0\u00bb0px\u00a0\u00bb global_colors_info=\u00a0\u00bb{}\u00a0\u00bb]<\/p>\n<p style=\"text-align: center;\"><img decoding=\"async\" class=\"wp-image-73 alignnone size-full\" src=\"https:\/\/www.samaranch.com\/wp-content\/uploads\/2023\/05\/b9f27-maria-2.png\" alt=\"Dr Samaranch\" width=\"143\" height=\"139\" \/>\u00a0 \u00a0 <img decoding=\"async\" class=\"wp-image-73 alignnone size-full\" src=\"https:\/\/www.samaranch.com\/wp-content\/uploads\/2023\/05\/69252-sara-7.png\" alt=\"Dr Samaranch\" width=\"143\" height=\"139\" \/><\/p>\n<p>Mme. RMme. Mar\u00eda Saucedo et Mme\u00a0Sara Khairoun\u00a0sont les assistantes du cabinet m\u00e9dical.<\/p>\n<p>Elles s\u2019occupents des t\u00e2ches administratives et procurent un accueil et une pr\u00e9sence agr\u00e9able aux patientes.<\/p>\n<p>[\/et_pb_toggle][\/et_pb_column][\/et_pb_row][\/et_pb_section]<\/p>\n","protected":false},"excerpt":{"rendered":"<p>En esp\u00e9rant que les informations ci-dessus sera d\u00b4int\u00e9r\u00eat, obtenir en mon nom et celui de toute l\u00b4\u00e9quipe de nos salutations les plus chaleureuses.NousLe Dr. Samaranch a commenc\u00e9 sa carri\u00e8re professionnelle en 1979 \u00e0 la \u201cCasa Provincial de la Maternidad de Barcelona\u00a0\u00bb Au d\u00e9but des ann\u00e9es 80 il r\u00e9alisa plusieurs stages de perfectionement gyn\u00e9cologique et obst\u00e9trique [&hellip;]<\/p>\n","protected":false},"author":1,"featured_media":0,"parent":0,"menu_order":0,"comment_status":"closed","ping_status":"closed","template":"","meta":{"_et_pb_use_builder":"on","_et_pb_old_content":"","_et_gb_content_width":""},"aioseo_notices":[],"_links":{"self":[{"href":"https:\/\/www.samaranch.com\/fr\/wp-json\/wp\/v2\/pages\/884"}],"collection":[{"href":"https:\/\/www.samaranch.com\/fr\/wp-json\/wp\/v2\/pages"}],"about":[{"href":"https:\/\/www.samaranch.com\/fr\/wp-json\/wp\/v2\/types\/page"}],"author":[{"embeddable":true,"href":"https:\/\/www.samaranch.com\/fr\/wp-json\/wp\/v2\/users\/1"}],"replies":[{"embeddable":true,"href":"https:\/\/www.samaranch.com\/fr\/wp-json\/wp\/v2\/comments?post=884"}],"version-history":[{"count":17,"href":"https:\/\/www.samaranch.com\/fr\/wp-json\/wp\/v2\/pages\/884\/revisions"}],"predecessor-version":[{"id":1388,"href":"https:\/\/www.samaranch.com\/fr\/wp-json\/wp\/v2\/pages\/884\/revisions\/1388"}],"wp:attachment":[{"href":"https:\/\/www.samaranch.com\/fr\/wp-json\/wp\/v2\/media?parent=884"}],"curies":[{"name":"wp","href":"https:\/\/api.w.org\/{rel}","templated":true}]}}