{"id":801,"date":"2023-05-17T09:48:16","date_gmt":"2023-05-17T07:48:16","guid":{"rendered":"https:\/\/webs.seoyconsultoria.com\/samaranch\/traiter-la-pathologie-mammaire-a-barcelone\/"},"modified":"2023-05-19T11:23:00","modified_gmt":"2023-05-19T09:23:00","slug":"traiter-la-pathologie-mammaire-a-barcelone","status":"publish","type":"page","link":"https:\/\/www.samaranch.com\/fr\/traiter-la-pathologie-mammaire-a-barcelone\/","title":{"rendered":"Traiter la pathologie mammaire \u00e0 Barcelone"},"content":{"rendered":"<p>[et_pb_section fb_built=\u00a0\u00bb1&Prime; admin_label=\u00a0\u00bbAbout\u00a0\u00bb _builder_version=\u00a0\u00bb4.16&Prime; _module_preset=\u00a0\u00bbdefault\u00a0\u00bb overflow-x=\u00a0\u00bbhidden\u00a0\u00bb overflow-y=\u00a0\u00bbhidden\u00a0\u00bb custom_padding=\u00a0\u00bb||13px|||\u00a0\u00bb locked=\u00a0\u00bboff\u00a0\u00bb global_colors_info=\u00a0\u00bb{}\u00a0\u00bb][et_pb_row column_structure=\u00a0\u00bb3_5,2_5&Prime; make_equal=\u00a0\u00bbon\u00a0\u00bb _builder_version=\u00a0\u00bb4.21.0&Prime; _module_preset=\u00a0\u00bbdefault\u00a0\u00bb custom_padding=\u00a0\u00bb0px||27px|||\u00a0\u00bb custom_css_main_element=\u00a0\u00bbalign-items:center;\u00a0\u00bb global_colors_info=\u00a0\u00bb{}\u00a0\u00bb][et_pb_column type=\u00a0\u00bb3_5&Prime; _builder_version=\u00a0\u00bb4.16&Prime; _module_preset=\u00a0\u00bbdefault\u00a0\u00bb global_colors_info=\u00a0\u00bb{}\u00a0\u00bb][et_pb_text _builder_version=\u00a0\u00bb4.21.0&Prime; _module_preset=\u00a0\u00bbdefault\u00a0\u00bb header_2_font=\u00a0\u00bbEB Garamond|600|||||||\u00a0\u00bb header_2_font_size=\u00a0\u00bb40px\u00a0\u00bb header_2_line_height=\u00a0\u00bb1.3em\u00a0\u00bb custom_margin=\u00a0\u00bb||-1px|||\u00a0\u00bb header_2_font_size_tablet=\u00a0\u00bb34px\u00a0\u00bb header_2_font_size_phone=\u00a0\u00bb22px\u00a0\u00bb header_2_font_size_last_edited=\u00a0\u00bbon|phone\u00a0\u00bb locked=\u00a0\u00bboff\u00a0\u00bb global_colors_info=\u00a0\u00bb{}\u00a0\u00bb header_2_2_font_size_tablet=\u00a0\u00bb34px\u00a0\u00bb header_3_2_font_size_tablet=\u00a0\u00bb34px\u00a0\u00bb header_4_2_font_size_tablet=\u00a0\u00bb34px\u00a0\u00bb header_5_2_font_size_tablet=\u00a0\u00bb34px\u00a0\u00bb header_6_2_font_size_tablet=\u00a0\u00bb34px\u00a0\u00bb header_2_2_font_size_phone=\u00a0\u00bb22px\u00a0\u00bb header_3_2_font_size_phone=\u00a0\u00bb22px\u00a0\u00bb header_4_2_font_size_phone=\u00a0\u00bb22px\u00a0\u00bb header_5_2_font_size_phone=\u00a0\u00bb22px\u00a0\u00bb header_6_2_font_size_phone=\u00a0\u00bb22px\u00a0\u00bb header_2_2_font_size_last_edited=\u00a0\u00bbon|phone\u00a0\u00bb header_3_2_font_size_last_edited=\u00a0\u00bbon|phone\u00a0\u00bb header_4_2_font_size_last_edited=\u00a0\u00bbon|phone\u00a0\u00bb header_5_2_font_size_last_edited=\u00a0\u00bbon|phone\u00a0\u00bb header_6_2_font_size_last_edited=\u00a0\u00bbon|phone\u00a0\u00bb]<\/p>\n<h1>Traiter la pathologie mammaire \u00e0 Barcelone<\/h1>\n<p>[\/et_pb_text][et_pb_divider color=\u00a0\u00bb#E13830&Prime; divider_weight=\u00a0\u00bb2px\u00a0\u00bb _builder_version=\u00a0\u00bb4.21.0&Prime; _module_preset=\u00a0\u00bbdefault\u00a0\u00bb width=\u00a0\u00bb96%\u00a0\u00bb custom_margin=\u00a0\u00bb||19px|||\u00a0\u00bb locked=\u00a0\u00bboff\u00a0\u00bb global_colors_info=\u00a0\u00bb{}\u00a0\u00bb][\/et_pb_divider][et_pb_text _builder_version=\u00a0\u00bb4.21.0&Prime; _module_preset=\u00a0\u00bbdefault\u00a0\u00bb text_font=\u00a0\u00bb||||||||\u00a0\u00bb text_font_size=\u00a0\u00bb16px\u00a0\u00bb text_line_height=\u00a0\u00bb1.8em\u00a0\u00bb locked=\u00a0\u00bboff\u00a0\u00bb global_colors_info=\u00a0\u00bb{}\u00a0\u00bb]Actuellement, le cancer du sein est le cancer le plus fr\u00e9quent chez les femmes espagnoles : 1 femme sur 10 sera touch\u00e9e par le cancer du sein.<\/p>\n<p>     Cependant, des progr\u00e8s tr\u00e8s sensibles ont \u00e9t\u00e9 r\u00e9alis\u00e9s en mati\u00e8re de diagnostic pr\u00e9coce et de traitement du cancer du sein.<\/p>\n<p>      L&rsquo;importance du diagnostic pr\u00e9coce : il permet de diagnostiquer des femmes cliniquement asymptomatiques avant que le nodule ne soit palpable (le taux de gu\u00e9rison du cancer du sein est, \u00e0 ce stade, tr\u00e8s important) et ceci \u00e0 travers l\u2019autopalpation, l\u2019examen des seins lors des r\u00e9visions gyn\u00e9cologiques annuelles (avec des examens compl\u00e9mentaires si n\u00e9cessaire) et le d\u00e9pistage par mammographie et\/ou \u00e9chographie mammaire \u00e0 partir de l\u2019\u00e2ge de 40 ans.[\/et_pb_text][\/et_pb_column][et_pb_column type=\u00a0\u00bb2_5&Prime; _builder_version=\u00a0\u00bb4.16&Prime; _module_preset=\u00a0\u00bbdefault\u00a0\u00bb global_colors_info=\u00a0\u00bb{}\u00a0\u00bb][et_pb_image src=\u00a0\u00bbhttps:\/\/www.samaranch.com\/wp-content\/uploads\/2023\/05\/examen-mama-es-muy-importante-todas-mujeres.jpg\u00a0\u00bb alt=\u00a0\u00bbExamen Mama Es Muy Importante Todas Mujeres\u00a0\u00bb title_text=\u00a0\u00bbExamen Mama Es Muy Importante Todas Mujeres\u00a0\u00bb _builder_version=\u00a0\u00bb4.21.0&Prime; _module_preset=\u00a0\u00bbdefault\u00a0\u00bb custom_margin=\u00a0\u00bb|-30vw|||false|false\u00a0\u00bb custom_margin_tablet=\u00a0\u00bb|0vw|||false|false\u00a0\u00bb custom_margin_phone=\u00a0\u00bb\u00a0\u00bb custom_margin_last_edited=\u00a0\u00bbon|tablet\u00a0\u00bb global_colors_info=\u00a0\u00bb{}\u00a0\u00bb][\/et_pb_image][\/et_pb_column][\/et_pb_row][\/et_pb_section][et_pb_section fb_built=\u00a0\u00bb1&Prime; _builder_version=\u00a0\u00bb4.21.0&Prime; _module_preset=\u00a0\u00bbdefault\u00a0\u00bb background_color=\u00a0\u00bbRGBA(249,247,247,0.8)\u00a0\u00bb custom_padding=\u00a0\u00bb20px||80px||false|false\u00a0\u00bb global_colors_info=\u00a0\u00bb{}\u00a0\u00bb][et_pb_row use_custom_gutter=\u00a0\u00bbon\u00a0\u00bb make_equal=\u00a0\u00bbon\u00a0\u00bb _builder_version=\u00a0\u00bb4.21.0&Prime; _module_preset=\u00a0\u00bbdefault\u00a0\u00bb width=\u00a0\u00bb90%\u00a0\u00bb max_width=\u00a0\u00bb2560px\u00a0\u00bb custom_padding=\u00a0\u00bb||0px|||\u00a0\u00bb global_colors_info=\u00a0\u00bb{}\u00a0\u00bb][et_pb_column type=\u00a0\u00bb4_4&Prime; _builder_version=\u00a0\u00bb4.21.0&Prime; _module_preset=\u00a0\u00bbdefault\u00a0\u00bb global_colors_info=\u00a0\u00bb{}\u00a0\u00bb][dnxte_multi_heading text_one=\u00a0\u00bbMamographie \/ Tomosynth\u00e8se\u00a0\u00bb heading_tag=\u00a0\u00bbh2&Prime; text_one_reveal_effect=\u00a0\u00bbon\u00a0\u00bb text_one_reveal_color_before=\u00a0\u00bb#E13830&Prime; _builder_version=\u00a0\u00bb4.21.0&Prime; _module_preset=\u00a0\u00bbdefault\u00a0\u00bb global_colors_info=\u00a0\u00bb{}\u00a0\u00bb][\/dnxte_multi_heading][\/et_pb_column][\/et_pb_row][et_pb_row column_structure=\u00a0\u00bb1_2,1_2&Prime; use_custom_gutter=\u00a0\u00bbon\u00a0\u00bb make_equal=\u00a0\u00bbon\u00a0\u00bb _builder_version=\u00a0\u00bb4.21.0&Prime; _module_preset=\u00a0\u00bbdefault\u00a0\u00bb width=\u00a0\u00bb90%\u00a0\u00bb max_width=\u00a0\u00bb2560px\u00a0\u00bb custom_padding=\u00a0\u00bb32px|||||\u00a0\u00bb custom_css_main_element=\u00a0\u00bbalign-items:center;\u00a0\u00bb global_colors_info=\u00a0\u00bb{}\u00a0\u00bb][et_pb_column type=\u00a0\u00bb1_2&Prime; _builder_version=\u00a0\u00bb4.21.0&Prime; _module_preset=\u00a0\u00bbdefault\u00a0\u00bb global_colors_info=\u00a0\u00bb{}\u00a0\u00bb][dnxte_minimal_image_hover image=\u00a0\u00bbhttps:\/\/www.samaranch.com\/wp-content\/uploads\/2023\/05\/instantanea-mamografia-senos-paciente-monitor.jpg\u00a0\u00bb dnxtmih_image_hover_effect=\u00a0\u00bbeffect9&Prime; _builder_version=\u00a0\u00bb4.21.0&Prime; _module_preset=\u00a0\u00bbdefault\u00a0\u00bb global_colors_info=\u00a0\u00bb{}\u00a0\u00bb][\/dnxte_minimal_image_hover][\/et_pb_column][et_pb_column type=\u00a0\u00bb1_2&Prime; _builder_version=\u00a0\u00bb4.21.0&Prime; _module_preset=\u00a0\u00bbdefault\u00a0\u00bb global_colors_info=\u00a0\u00bb{}\u00a0\u00bb][et_pb_text _builder_version=\u00a0\u00bb4.21.0&Prime; _module_preset=\u00a0\u00bbdefault\u00a0\u00bb text_font=\u00a0\u00bb||||||||\u00a0\u00bb text_font_size=\u00a0\u00bb16px\u00a0\u00bb text_line_height=\u00a0\u00bb1.8em\u00a0\u00bb locked=\u00a0\u00bboff\u00a0\u00bb global_colors_info=\u00a0\u00bb{}\u00a0\u00bb]La mammographie est un examen radiographique du sein, qui a pour but de d\u00e9tecter d&rsquo;\u00e9ventuelles anomalies b\u00e9nignes ou malignes au niveau des tissus, m\u00eame avant qu\u2019elles ne soient cliniquement palpables.<\/p>\n<p>      Les protocoles de d\u00e9pistage sont sujets \u00e0 des modifications selon les crit\u00e8res du gyn\u00e9cologue et les facteurs de risque de la patiente.<\/p>\n<p>      En cas de rapport d\u2019un type de pathologie (nodules, microcalcifications, etc.), des tests compl\u00e9mentaires seront demand\u00e9s, allant d&rsquo;images (Ecographie, TAC, R\u00e9sonance Magn\u00e9tique) \u00e0 des m\u00e9thodes plus invasives telles que la PAAF (Ponction Aspiration Aiguille Fine), Corebiopsy ou VAP (Ponction en Vide), pour l&rsquo;\u00e9tude histologique, et tumorectomies chirurgicales.[\/et_pb_text][\/et_pb_column][\/et_pb_row][et_pb_row use_custom_gutter=\u00a0\u00bbon\u00a0\u00bb make_equal=\u00a0\u00bbon\u00a0\u00bb _builder_version=\u00a0\u00bb4.21.0&Prime; _module_preset=\u00a0\u00bbdefault\u00a0\u00bb width=\u00a0\u00bb90%\u00a0\u00bb max_width=\u00a0\u00bb2560px\u00a0\u00bb custom_padding=\u00a0\u00bb19px|||||\u00a0\u00bb global_colors_info=\u00a0\u00bb{}\u00a0\u00bb][et_pb_column type=\u00a0\u00bb4_4&Prime; _builder_version=\u00a0\u00bb4.21.0&Prime; _module_preset=\u00a0\u00bbdefault\u00a0\u00bb global_colors_info=\u00a0\u00bb{}\u00a0\u00bb][et_pb_text _builder_version=\u00a0\u00bb4.21.0&Prime; _module_preset=\u00a0\u00bbdefault\u00a0\u00bb text_font=\u00a0\u00bb||||||||\u00a0\u00bb text_font_size=\u00a0\u00bb16px\u00a0\u00bb text_line_height=\u00a0\u00bb1.8em\u00a0\u00bb locked=\u00a0\u00bboff\u00a0\u00bb global_colors_info=\u00a0\u00bb{}\u00a0\u00bb]Dans le domaine du sein, chaque cas fait l&rsquo;objet d&rsquo;une \u00e9tude conjointe par toute une s\u00e9rie de professionnels (gyn\u00e9cologues, radiologues, histopathologistes, oncologues, &#8230;) lesquels, au cas o\u00f9 une tumeur maligne serait malheureusement confirm\u00e9e, r\u00e9aliseront une analyse et un \u00e9change d&rsquo;opinions, et proposeront et pratiqueront \u00e0 la patiente la chirurgie et le traitement jug\u00e9s les plus appropri\u00e9s.<\/p>\n<p>    Les gyn\u00e9cologues Dr. Samaranch et Dr. Puig Menen, qui ont une vaste exp\u00e9rience clinique et chirurgicale en pathologie mammaire, comptent et collaborent avec des professionnels prestigieux tels que les radiologues Dr. Sabat\u00e9, Dr. Torrubia et Dr Clotet, l\u2019anatomopatologue Dr. Alameda, et les Oncologues de l&rsquo;IDOC (Institut d\u2019 Oncologie Corach\u00e1n). Tous ensemble on \u00e9valuera le cas et proposeront \u00e0 la patiente la chirurgie et le traitement adapt\u00e9s, tout en respectant l&rsquo;axiome de chirurgie minimale efficace et de traitement minimal efficace, afin d&rsquo;obtenir un r\u00e9sultat optimal avec la moindre agression possible cirug\u00eda m\u00ednima efectiva y tratamientoTraiter la pathologie mammaire m\u00ednimo efectivo, para conseguir el .<\/p>\n<p>      La maladie est in\u00e9vitable mais il faut minimiser ses cons\u00e9quences, et  nous pouvons y parvenir \u00e0 travers un diagnostic pr\u00e9coce, un traitement adapt\u00e9 et un soutien psychologique dispens\u00e9 a la patiente par son entourage et des professionnels.[\/et_pb_text][\/et_pb_column][\/et_pb_row][\/et_pb_section]<\/p>\n","protected":false},"excerpt":{"rendered":"<p>Traiter la pathologie mammaire \u00e0 BarceloneActuellement, le cancer du sein est le cancer le plus fr\u00e9quent chez les femmes espagnoles : 1 femme sur 10 sera touch\u00e9e par le cancer du sein. Cependant, des progr\u00e8s tr\u00e8s sensibles ont \u00e9t\u00e9 r\u00e9alis\u00e9s en mati\u00e8re de diagnostic pr\u00e9coce et de traitement du cancer du sein. L&rsquo;importance du diagnostic [&hellip;]<\/p>\n","protected":false},"author":1,"featured_media":0,"parent":0,"menu_order":0,"comment_status":"closed","ping_status":"closed","template":"","meta":{"_et_pb_use_builder":"on","_et_pb_old_content":"","_et_gb_content_width":""},"aioseo_notices":[],"_links":{"self":[{"href":"https:\/\/www.samaranch.com\/fr\/wp-json\/wp\/v2\/pages\/801"}],"collection":[{"href":"https:\/\/www.samaranch.com\/fr\/wp-json\/wp\/v2\/pages"}],"about":[{"href":"https:\/\/www.samaranch.com\/fr\/wp-json\/wp\/v2\/types\/page"}],"author":[{"embeddable":true,"href":"https:\/\/www.samaranch.com\/fr\/wp-json\/wp\/v2\/users\/1"}],"replies":[{"embeddable":true,"href":"https:\/\/www.samaranch.com\/fr\/wp-json\/wp\/v2\/comments?post=801"}],"version-history":[{"count":2,"href":"https:\/\/www.samaranch.com\/fr\/wp-json\/wp\/v2\/pages\/801\/revisions"}],"predecessor-version":[{"id":803,"href":"https:\/\/www.samaranch.com\/fr\/wp-json\/wp\/v2\/pages\/801\/revisions\/803"}],"wp:attachment":[{"href":"https:\/\/www.samaranch.com\/fr\/wp-json\/wp\/v2\/media?parent=801"}],"curies":[{"name":"wp","href":"https:\/\/api.w.org\/{rel}","templated":true}]}}