{"id":754,"date":"2023-05-17T10:55:15","date_gmt":"2023-05-17T08:55:15","guid":{"rendered":"https:\/\/webs.seoyconsultoria.com\/samaranch\/endocrinologie-et-nutrition-a-barcelone\/"},"modified":"2023-05-19T08:13:28","modified_gmt":"2023-05-19T06:13:28","slug":"endocrinologie-et-nutrition-a-barcelone","status":"publish","type":"page","link":"https:\/\/www.samaranch.com\/fr\/endocrinologie-et-nutrition-a-barcelone\/","title":{"rendered":"Endocrinologie et Nutrition \u00e0 Barcelone"},"content":{"rendered":"<p>[et_pb_section fb_built=\u00a0\u00bb1&Prime; admin_label=\u00a0\u00bbAbout\u00a0\u00bb _builder_version=\u00a0\u00bb4.16&Prime; _module_preset=\u00a0\u00bbdefault\u00a0\u00bb overflow-x=\u00a0\u00bbhidden\u00a0\u00bb overflow-y=\u00a0\u00bbhidden\u00a0\u00bb locked=\u00a0\u00bboff\u00a0\u00bb global_colors_info=\u00a0\u00bb{}\u00a0\u00bb][et_pb_row column_structure=\u00a0\u00bb3_5,2_5&Prime; make_equal=\u00a0\u00bbon\u00a0\u00bb _builder_version=\u00a0\u00bb4.21.0&Prime; _module_preset=\u00a0\u00bbdefault\u00a0\u00bb width=\u00a0\u00bb90%\u00a0\u00bb max_width=\u00a0\u00bb2560px\u00a0\u00bb custom_padding=\u00a0\u00bb0px||27px|||\u00a0\u00bb custom_css_main_element=\u00a0\u00bbalign-items:center;\u00a0\u00bb global_colors_info=\u00a0\u00bb{}\u00a0\u00bb][et_pb_column type=\u00a0\u00bb3_5&Prime; _builder_version=\u00a0\u00bb4.16&Prime; _module_preset=\u00a0\u00bbdefault\u00a0\u00bb global_colors_info=\u00a0\u00bb{}\u00a0\u00bb][et_pb_text _builder_version=\u00a0\u00bb4.21.0&Prime; _module_preset=\u00a0\u00bbdefault\u00a0\u00bb header_2_font=\u00a0\u00bbEB Garamond|600|||||||\u00a0\u00bb header_2_font_size=\u00a0\u00bb40px\u00a0\u00bb header_2_line_height=\u00a0\u00bb1.3em\u00a0\u00bb custom_margin=\u00a0\u00bb||-1px|||\u00a0\u00bb hover_enabled=\u00a0\u00bb0&Prime; header_2_font_size_tablet=\u00a0\u00bb34px\u00a0\u00bb header_2_font_size_phone=\u00a0\u00bb22px\u00a0\u00bb header_2_font_size_last_edited=\u00a0\u00bbon|phone\u00a0\u00bb locked=\u00a0\u00bboff\u00a0\u00bb global_colors_info=\u00a0\u00bb{}\u00a0\u00bb header_2_2_font_size_tablet=\u00a0\u00bb34px\u00a0\u00bb header_3_2_font_size_tablet=\u00a0\u00bb34px\u00a0\u00bb header_4_2_font_size_tablet=\u00a0\u00bb34px\u00a0\u00bb header_5_2_font_size_tablet=\u00a0\u00bb34px\u00a0\u00bb header_6_2_font_size_tablet=\u00a0\u00bb34px\u00a0\u00bb header_2_2_font_size_phone=\u00a0\u00bb22px\u00a0\u00bb header_3_2_font_size_phone=\u00a0\u00bb22px\u00a0\u00bb header_4_2_font_size_phone=\u00a0\u00bb22px\u00a0\u00bb header_5_2_font_size_phone=\u00a0\u00bb22px\u00a0\u00bb header_6_2_font_size_phone=\u00a0\u00bb22px\u00a0\u00bb header_2_2_font_size_last_edited=\u00a0\u00bbon|phone\u00a0\u00bb header_3_2_font_size_last_edited=\u00a0\u00bbon|phone\u00a0\u00bb header_4_2_font_size_last_edited=\u00a0\u00bbon|phone\u00a0\u00bb header_5_2_font_size_last_edited=\u00a0\u00bbon|phone\u00a0\u00bb header_6_2_font_size_last_edited=\u00a0\u00bbon|phone\u00a0\u00bb sticky_enabled=\u00a0\u00bb0&Prime;]<\/p>\n<h1>Endocrinologie et Nutrition \u00e0 Barcelone<\/h1>\n<p>[\/et_pb_text][et_pb_divider color=\u00a0\u00bb#E13830&Prime; divider_weight=\u00a0\u00bb2px\u00a0\u00bb _builder_version=\u00a0\u00bb4.21.0&Prime; _module_preset=\u00a0\u00bbdefault\u00a0\u00bb width=\u00a0\u00bb96%\u00a0\u00bb custom_margin=\u00a0\u00bb||19px|||\u00a0\u00bb locked=\u00a0\u00bboff\u00a0\u00bb global_colors_info=\u00a0\u00bb{}\u00a0\u00bb][\/et_pb_divider][et_pb_text _builder_version=\u00a0\u00bb4.21.0&Prime; _module_preset=\u00a0\u00bbdefault\u00a0\u00bb text_font=\u00a0\u00bb||||||||\u00a0\u00bb text_font_size=\u00a0\u00bb16px\u00a0\u00bb text_line_height=\u00a0\u00bb1.8em\u00a0\u00bb locked=\u00a0\u00bboff\u00a0\u00bb global_colors_info=\u00a0\u00bb{}\u00a0\u00bb]<\/p>\n<p>Je suis le <strong>Dr Manuel G\u00f3mez Prieto<\/strong>, je me consacre depuis des ann\u00e9es \u00e0 l&rsquo;endocrinologie, une sp\u00e9cialit\u00e9 fondamentale dans le monde d&rsquo;aujourd&rsquo;hui, et gr\u00e2ce aux progr\u00e8s r\u00e9alis\u00e9s, de nombreux probl\u00e8mes peuvent \u00eatre r\u00e9solus, obtenant une tr\u00e8s bonne qualit\u00e9 de vie chez les patients atteints du traitements qui peuvent \u00eatre administr\u00e9s, ainsi que dans un domaine parall\u00e8le comme la nutrition, des r\u00e9sultats appr\u00e9ciables et tr\u00e8s satisfaisants peuvent \u00eatre obtenus pour la personne qui les ex\u00e9cute.<\/p>\n<p>[\/et_pb_text][\/et_pb_column][et_pb_column type=\u00a0\u00bb2_5&Prime; _builder_version=\u00a0\u00bb4.21.0&Prime; _module_preset=\u00a0\u00bbdefault\u00a0\u00bb global_colors_info=\u00a0\u00bb{}\u00a0\u00bb][dnxte_coverflowslider_parent dnxte_coverflow_loop=\u00a0\u00bbon\u00a0\u00bb dnxte_coverflow_breakpoint_desktop=\u00a0\u00bb1&Prime; dnxte_coverflow_arrow_color=\u00a0\u00bb#E13830&Prime; dnxte_coverflow_dots_active_color=\u00a0\u00bb#E13830&Prime; _builder_version=\u00a0\u00bb4.21.0&Prime; _module_preset=\u00a0\u00bbdefault\u00a0\u00bb global_colors_info=\u00a0\u00bb{}\u00a0\u00bb][dnxte_coverflowslider_child coverflowslider_image=\u00a0\u00bbhttps:\/\/www.samaranch.com\/wp-content\/uploads\/2023\/05\/tiroides-slider-3.jpg\u00a0\u00bb _builder_version=\u00a0\u00bb4.21.0&Prime; _module_preset=\u00a0\u00bbdefault\u00a0\u00bb global_colors_info=\u00a0\u00bb{}\u00a0\u00bb][\/dnxte_coverflowslider_child][dnxte_coverflowslider_child coverflowslider_image=\u00a0\u00bbhttps:\/\/www.samaranch.com\/wp-content\/uploads\/2023\/05\/endocrino-slider-1.jpg\u00a0\u00bb _builder_version=\u00a0\u00bb4.21.0&Prime; _module_preset=\u00a0\u00bbdefault\u00a0\u00bb global_colors_info=\u00a0\u00bb{}\u00a0\u00bb][\/dnxte_coverflowslider_child][dnxte_coverflowslider_child coverflowslider_image=\u00a0\u00bbhttps:\/\/www.samaranch.com\/wp-content\/uploads\/2023\/05\/tiroides-slider-2.jpg\u00a0\u00bb _builder_version=\u00a0\u00bb4.21.0&Prime; _module_preset=\u00a0\u00bbdefault\u00a0\u00bb global_colors_info=\u00a0\u00bb{}\u00a0\u00bb][\/dnxte_coverflowslider_child][\/dnxte_coverflowslider_parent][\/et_pb_column][\/et_pb_row][\/et_pb_section]<\/p>\n","protected":false},"excerpt":{"rendered":"<p>Endocrinologie et Nutrition \u00e0 BarceloneJe suis le Dr Manuel G\u00f3mez Prieto, je me consacre depuis des ann\u00e9es \u00e0 l&rsquo;endocrinologie, une sp\u00e9cialit\u00e9 fondamentale dans le monde d&rsquo;aujourd&rsquo;hui, et gr\u00e2ce aux progr\u00e8s r\u00e9alis\u00e9s, de nombreux probl\u00e8mes peuvent \u00eatre r\u00e9solus, obtenant une tr\u00e8s bonne qualit\u00e9 de vie chez les patients atteints du traitements qui peuvent \u00eatre administr\u00e9s, ainsi [&hellip;]<\/p>\n","protected":false},"author":1,"featured_media":0,"parent":0,"menu_order":0,"comment_status":"closed","ping_status":"closed","template":"","meta":{"_et_pb_use_builder":"on","_et_pb_old_content":"","_et_gb_content_width":""},"aioseo_notices":[],"_links":{"self":[{"href":"https:\/\/www.samaranch.com\/fr\/wp-json\/wp\/v2\/pages\/754"}],"collection":[{"href":"https:\/\/www.samaranch.com\/fr\/wp-json\/wp\/v2\/pages"}],"about":[{"href":"https:\/\/www.samaranch.com\/fr\/wp-json\/wp\/v2\/types\/page"}],"author":[{"embeddable":true,"href":"https:\/\/www.samaranch.com\/fr\/wp-json\/wp\/v2\/users\/1"}],"replies":[{"embeddable":true,"href":"https:\/\/www.samaranch.com\/fr\/wp-json\/wp\/v2\/comments?post=754"}],"version-history":[{"count":2,"href":"https:\/\/www.samaranch.com\/fr\/wp-json\/wp\/v2\/pages\/754\/revisions"}],"predecessor-version":[{"id":756,"href":"https:\/\/www.samaranch.com\/fr\/wp-json\/wp\/v2\/pages\/754\/revisions\/756"}],"wp:attachment":[{"href":"https:\/\/www.samaranch.com\/fr\/wp-json\/wp\/v2\/media?parent=754"}],"curies":[{"name":"wp","href":"https:\/\/api.w.org\/{rel}","templated":true}]}}