{"id":848,"date":"2023-05-11T07:35:02","date_gmt":"2023-05-11T05:35:02","guid":{"rendered":"https:\/\/webs.seoyconsultoria.com\/samaranch\/aviso-legal\/"},"modified":"2025-12-22T12:51:01","modified_gmt":"2025-12-22T10:51:01","slug":"aviso-legal","status":"publish","type":"page","link":"https:\/\/www.samaranch.com\/ca\/aviso-legal\/","title":{"rendered":"Av\u00eds Legal"},"content":{"rendered":"<p>[et_pb_section fb_built=&#8221;1&#8243; _builder_version=&#8221;4.16&#8243; global_colors_info=&#8221;{}&#8221;][et_pb_row _builder_version=&#8221;4.16&#8243; background_size=&#8221;initial&#8221; background_position=&#8221;top_left&#8221; background_repeat=&#8221;repeat&#8221; global_colors_info=&#8221;{}&#8221;][et_pb_column type=&#8221;4_4&#8243; _builder_version=&#8221;4.16&#8243; custom_padding=&#8221;|||&#8221; global_colors_info=&#8221;{}&#8221; custom_padding__hover=&#8221;|||&#8221;][et_pb_text _builder_version=&#8221;4.21.0&#8243; _module_preset=&#8221;default&#8221; header_2_font=&#8221;EB Garamond|600|||||||&#8221; header_2_font_size=&#8221;40px&#8221; header_2_line_height=&#8221;1.3em&#8221; custom_margin=&#8221;||-1px|||&#8221; hover_enabled=&#8221;0&#8243; header_2_font_size_tablet=&#8221;34px&#8221; header_2_font_size_phone=&#8221;22px&#8221; header_2_font_size_last_edited=&#8221;on|phone&#8221; locked=&#8221;off&#8221; global_colors_info=&#8221;{}&#8221; header_2_2_font_size_tablet=&#8221;34px&#8221; header_3_2_font_size_tablet=&#8221;34px&#8221; header_4_2_font_size_tablet=&#8221;34px&#8221; header_5_2_font_size_tablet=&#8221;34px&#8221; header_6_2_font_size_tablet=&#8221;34px&#8221; header_2_2_font_size_phone=&#8221;22px&#8221; header_3_2_font_size_phone=&#8221;22px&#8221; header_4_2_font_size_phone=&#8221;22px&#8221; header_5_2_font_size_phone=&#8221;22px&#8221; header_6_2_font_size_phone=&#8221;22px&#8221; header_2_2_font_size_last_edited=&#8221;on|phone&#8221; header_3_2_font_size_last_edited=&#8221;on|phone&#8221; header_4_2_font_size_last_edited=&#8221;on|phone&#8221; header_5_2_font_size_last_edited=&#8221;on|phone&#8221; header_6_2_font_size_last_edited=&#8221;on|phone&#8221; sticky_enabled=&#8221;0&#8243;]<\/p>\n<h2>Av\u00eds Legal<\/h2>\n<p>[\/et_pb_text][et_pb_divider color=&#8221;#E13830&#8243; divider_weight=&#8221;2px&#8221; _builder_version=&#8221;4.21.0&#8243; _module_preset=&#8221;default&#8221; width=&#8221;96%&#8221; custom_margin=&#8221;||19px|||&#8221; locked=&#8221;off&#8221; global_colors_info=&#8221;{}&#8221;][\/et_pb_divider][et_pb_text _builder_version=&#8221;4.21.0&#8243; background_size=&#8221;initial&#8221; background_position=&#8221;top_left&#8221; background_repeat=&#8221;repeat&#8221; global_colors_info=&#8221;{}&#8221;]<\/p>\n<div class=\"media service-box wow fadeInRight llimpiamarge animated\" style=\"visibility: visible; animation-name: fadeInRight;\">\n<p>SAMARANCH CONSULTA GINECOL\u00d3GICA S.L.P, cumple con los requisitos establecidos en la normativa actual sobre Protecci\u00f3n de Datos de Car\u00e1cter Personal y Comercio Electr\u00f3nico. Para ello y de conformidad con lo previsto en la Ley 34\/2002, de Servicios de la Sociedad de la Informaci\u00f3n y de Comercio Electr\u00f3nico, ha creado el siguiente Aviso Legal:<\/p>\n<h2>\u00a0<\/h2>\n<h2>IDENTIFICACION DEL TITULAR<\/h2>\n<p>Denominaci\u00f3n: Samaranch Consulta Ginecol\u00f3gica S.L.P<br \/>Domicilio: Calle Doctor Roux 57 Bajos <br \/>08017, Barcelona<br \/>Tel\u00e9fono: 93.204.01.01<br \/>correo electr\u00f3nico: consulta@samaranch.com<br \/>DPD: MEDICONSULTING ETL GLOBAL, SL, Servei de Protecci\u00f3 de Dades, Passeig Bonanova 47, 5\u00aa planta, CP 08017 Barcelona, tel\u00e8fon 93 567 88 78.<\/p>\n<h2>\u00a0<\/h2>\n<h2>CONDICIONES GENERALES DE USO<\/h2>\n<p>Toda persona que acceda a este sitio Web asume el papel de Usuario, comprometi\u00e9ndose a la observancia y cumplimiento riguroso de las disposiciones aqu\u00ed dispuestas, as\u00ed como a cualquier otra disposici\u00f3n legal que fuera de aplicaci\u00f3n.<\/p>\n<p>SAMARANCH CONSULTA GINECOL\u00d3GICA S.L.P, se reserva el derecho a modificar cualquier tipo de informaci\u00f3n que pudiera aparecer en el sitio Web, sin que exista obligaci\u00f3n de preavisar o poner en conocimiento de los Usuarios dichas obligaciones, entendi\u00e9ndose como suficiente con la publicaci\u00f3n en su sitio Web.<\/p>\n<p>El usuario acepta plenamente y sin reservas las disposiciones incluidas en este Aviso Legal, en la versi\u00f3n publicada por SAMARANCH CONSULTA GINECOL\u00d3GICA S.L.P, en el momento mismo en que el Usuario acceda al sitio Web.<\/p>\n<p>El sitio Web puede ser visitado libremente y el Usuario se compromete a utilizar sus contenidos y servicios de conformidad con la ley, la moral, las buenas costumbres y el presente Aviso Legal. A tal efecto, el Usuario se abstendr\u00e1 de utilizar el sitio Web con fines o efectos il\u00edcitos, prohibidos y lesivos de los derechos e intereses de terceros.<\/p>\n<p>SAMARANCH CONSULTA GINECOL\u00d3GICA S.L.P, no se responsabiliza de los errores u omisiones, de los contenidos del sitio Web ni de otros contenidos a los que se pueda acceder a trav\u00e9s del mismo, ni de los da\u00f1os derivados de la utilizaci\u00f3n del sitio Web, ni por cualquier actuaci\u00f3n realizada sobre la base de la informaci\u00f3n que en ella se facilita.<\/p>\n<p>SAMARANCH CONSULTA GINECOL\u00d3GICA S.L.P, ni garantiza la ausencia de virus u otros elementos lesivos, que pudieran causar da\u00f1os o alteraciones en el sistema inform\u00e1tico, en los documentos electr\u00f3nicos o en los ficheros del usuario del sitio Web; ni responde de los da\u00f1os y perjuicios que tales elementos pudieran ocasionar al Usuario o terceros.<\/p>\n<p>El sitio Web tiene car\u00e1cter informativo, por lo que su contenido podr\u00e1 ser modificado, ampliado o suprimido en cualquier momento, sin previo aviso.<\/p>\n<p>SAMARANCH CONSULTA GINECOL\u00d3GICA S.L.P, se reserva el derecho de actualizar los contenidos del sitio Web y\/o de eliminarlos, as\u00ed como de limitar e impedir el acceso a los mismos, ya sea temporal o definitivamente, sin previa notificaci\u00f3n.<\/p>\n<h2>\u00a0<\/h2>\n<h2>DERECHOS DE PROPIEDAD INTELECTUAL E INDUSTRIAL<\/h2>\n<p>Todos los derechos de propiedad intelectual y\/o industrial del sitio Web y de todos sus contenidos (textos, im\u00e1genes, dise\u00f1os, creatividades, software, c\u00f3digo fuente, fragmento de audio, programas inform\u00e1ticos, descargas digitales, bases de datos, nombres comerciales, marcas, logotipos, y\/o cualquier otro signo distintivo, etc.) que formen o hayan formado parte del mismo en alg\u00fan momento, est\u00e1n protegidos por Ley y pertenecen a SAMARANCH CONSULTA GINECOL\u00d3GICA S.L.P<\/p>\n<p>En ning\u00fan caso se entender\u00e1 que el acceso y uso del sitio Web implica la renuncia,<br \/>transmisi\u00f3n, licencia, cesi\u00f3n, total ni parcial, ni autorizaci\u00f3n de clase alguna, para la explotaci\u00f3n, reproducci\u00f3n, comunicaci\u00f3n p\u00fablica, difusi\u00f3n, divulgaci\u00f3n y\/o<br \/>transformaci\u00f3n ni del sitio Web, ni de sus contenidos, entendidos con la amplitud se\u00f1alada en el punto anterior, ni tampoco de los derechos de propiedad intelectual y\/o industrial inherentes a los mismos.<\/p>\n<h2>\u00a0<\/h2>\n<h2>POLITICA DE PRIVACIDAD<\/h2>\n<p>De conformidad a lo establecido en el Reglamento (UE) 2016\/679 del Parlamento Europeo y del Consejo del 27 de Abril de 2016 sobre la protecci\u00f3n de las personas f\u00edsicas i del Consejo, de 27 de abril de 2016, relativo a la protecci\u00f3n de las personas f\u00edsicas en lo que respecta al tratamiento de datos personales y a la libre circulaci\u00f3n de estos datos y la LOPD 3\/2018 de 5 de diciembre de Protecci\u00f3n de Datos Personales y garant\u00eda de los derechos digitales le proporciona la siguiente informaci\u00f3n:<\/p>\n<p>DATOS DEL RESPONSABLE<br \/>SAMARANCH CONSULTA GINECOL\u00d3GICA S.L.P<br \/>Domicilio: Calle Doctor Roux 57 Bajos <br \/>08017, Barcelona<br \/>Tel\u00e9fono: 93.204.01.01<br \/>correo electr\u00f3nico: consulta@samaranch.com<br \/>DPD: MEDICONSULTING ETL GLOBAL, SL, Servei de Protecci\u00f3 de Dades, Passeig Bonanova 47, 5\u00aa planta, CP 08017 Barcelona, tel\u00e8fon 93 567 88 78.<\/p>\n<h2>\u00a0<\/h2>\n<h2>DATOS RECOGIDOS EN EL FORMULARIO DE CONTACTO<\/h2>\n<table style=\"border-collapse: collapse; width: 100%;\" border=\"1\">\n<tbody>\n<tr>\n<td style=\"width: 50%;\">Finalidad<\/td>\n<td style=\"width: 50%;\">Remitir al usuario informaci\u00f3n solicitada la direcci\u00f3n proporcionada en el formulario de contacto.<\/td>\n<\/tr>\n<tr>\n<td style=\"width: 50%;\">Legitimaci\u00f3n para el tratamiento<\/td>\n<td style=\"width: 50%;\">Consentimiento del usuario<\/td>\n<\/tr>\n<tr>\n<td style=\"width: 50%;\">Criterios de conservaci\u00f3n<\/td>\n<td style=\"width: 50%;\">Sus datos ser\u00e1n cancelados en el momento en que Ud. nos retire el consentimiento, se conservar\u00e1n durante el plazo de 3 a\u00f1os para responder de posibles reclamaciones y\/o en el momento en que solicite la supresi\u00f3n, despu\u00e9s de oponerse al tratamiento, ser\u00e1n destruidos.<\/td>\n<\/tr>\n<tr>\n<td style=\"width: 50%;\">Comunicaci\u00f3n de datos<\/td>\n<td style=\"width: 50%;\">No se ceder\u00e1n a terceros<\/td>\n<\/tr>\n<tr>\n<td style=\"width: 50%;\">Derechos del usuario<\/td>\n<td style=\"width: 50%;\">Derechos de acceso, rectificaci\u00f3n, supresi\u00f3n, portabilidad y la limitaci\u00f3n u oposici\u00f3n a su tratamiento.<br \/>Derecho a presentar una reclamaci\u00f3n ante la Agencia espa\u00f1ola de Protecci\u00f3n de Datos.<\/td>\n<\/tr>\n<tr>\n<td style=\"width: 50%;\">Datos de contacto para ejercer los derechos del usuario<\/td>\n<td style=\"width: 50%;\">\n<p>SAMARANCH CONSULTA GINECOL\u00d3GICA S.L.P<\/p>\n<p>Calle Doctor Roux 57 Bajos <br \/>08017, Barcelona<br \/>contacto: consulta@samaranch.com<br \/>DPD: MEDICONSULTING ETL GLOBAL,<br \/>SL, Servei de Protecci\u00f3 de Dades,<br \/>Passeig Bonanova 47, 5\u00aa planta, CP 08017 Barcelona, tel\u00e8fon 93 567 88 78.<\/p>\n<\/td>\n<\/tr>\n<\/tbody>\n<\/table>\n<p>&nbsp;<\/p>\n<h2>\u00a0<\/h2>\n<h2>ENLACES<\/h2>\n<p>El Responsable del tratamiento no asume ninguna responsabilidad sobre el contenido, informaci\u00f3n o servicios que puedan ofrecer los enlaces que se presentan en nuestro sitio Web, y que tienen car\u00e1cter meramente informativo.<\/p>\n<h2>\u00a0<\/h2>\n<h2>LEGISLACI\u00d3N APLICABLE<\/h2>\n<p>La presente Web se rige por la legislaci\u00f3n espa\u00f1ola.<\/p>\n<\/div>\n<p>[\/et_pb_text][\/et_pb_column][\/et_pb_row][\/et_pb_section]<\/p>\n","protected":false},"excerpt":{"rendered":"<p>Av\u00eds Legal SAMARANCH CONSULTA GINECOL\u00d3GICA S.L.P, cumple con los requisitos establecidos en la normativa actual sobre Protecci\u00f3n de Datos de Car\u00e1cter Personal y Comercio Electr\u00f3nico. Para ello y de conformidad con lo previsto en la Ley 34\/2002, de Servicios de la Sociedad de la Informaci\u00f3n y de Comercio Electr\u00f3nico, ha creado el siguiente Aviso Legal: [&hellip;]<\/p>\n","protected":false},"author":1,"featured_media":0,"parent":0,"menu_order":0,"comment_status":"closed","ping_status":"open","template":"","meta":{"_et_pb_use_builder":"on","_et_pb_old_content":"<!-- wp:heading --><h2>Qui\u00e9nes somos<\/h2><!-- \/wp:heading --><!-- wp:paragraph --><p><strong class=\"privacy-policy-tutorial\">Texto sugerido: <\/strong>La direcci\u00f3n de nuestra web es: https:\/\/www.samaranch.com.<\/p><!-- \/wp:paragraph --><!-- wp:heading --><h2>Comentarios<\/h2><!-- \/wp:heading --><!-- wp:paragraph --><p><strong class=\"privacy-policy-tutorial\">Texto sugerido: <\/strong>Cuando los visitantes dejan comentarios en la web, recopilamos los datos que se muestran en el formulario de comentarios, as\u00ed como la direcci\u00f3n IP del visitante y la cadena de agentes de usuario del navegador para ayudar a la detecci\u00f3n de spam.<\/p><!-- \/wp:paragraph --><!-- wp:paragraph --><p>Una cadena an\u00f3nima creada a partir de tu direcci\u00f3n de correo electr\u00f3nico (tambi\u00e9n llamada hash) puede ser proporcionada al servicio de Gravatar para ver si la est\u00e1s usando. La pol\u00edtica de privacidad del servicio Gravatar est\u00e1 disponible aqu\u00ed: https:\/\/automattic.com\/privacy\/. Despu\u00e9s de la aprobaci\u00f3n de tu comentario, la imagen de tu perfil es visible para el p\u00fablico en el contexto de tu comentario.<\/p><!-- \/wp:paragraph --><!-- wp:heading --><h2>Medios<\/h2><!-- \/wp:heading --><!-- wp:paragraph --><p><strong class=\"privacy-policy-tutorial\">Texto sugerido: <\/strong>Si subes im\u00e1genes a la web, deber\u00edas evitar subir im\u00e1genes con datos de ubicaci\u00f3n (GPS EXIF) incluidos. Los visitantes de la web pueden descargar y extraer cualquier dato de ubicaci\u00f3n de las im\u00e1genes de la web.<\/p><!-- \/wp:paragraph --><!-- wp:heading --><h2>Cookies<\/h2><!-- \/wp:heading --><!-- wp:paragraph --><p><strong class=\"privacy-policy-tutorial\">Texto sugerido: <\/strong>Si dejas un comentario en nuestro sitio puedes elegir guardar tu nombre, direcci\u00f3n de correo electr\u00f3nico y web en cookies. Esto es para tu comodidad, para que no tengas que volver a rellenar tus datos cuando dejes otro comentario. Estas cookies tendr\u00e1n una duraci\u00f3n de un a\u00f1o.<\/p><!-- \/wp:paragraph --><!-- wp:paragraph --><p>Si tienes una cuenta y te conectas a este sitio, instalaremos una cookie temporal para determinar si tu navegador acepta cookies. Esta cookie no contiene datos personales y se elimina al cerrar el navegador.<\/p><!-- \/wp:paragraph --><!-- wp:paragraph --><p>Cuando accedas, tambi\u00e9n instalaremos varias cookies para guardar tu informaci\u00f3n de acceso y tus opciones de visualizaci\u00f3n de pantalla. Las cookies de acceso duran dos d\u00edas, y las cookies de opciones de pantalla duran un a\u00f1o. Si seleccionas \u00abRecu\u00e9rdarme\u00bb, tu acceso perdurar\u00e1 durante dos semanas. Si sales de tu cuenta, las cookies de acceso se eliminar\u00e1n.<\/p><!-- \/wp:paragraph --><!-- wp:paragraph --><p>Si editas o publicas un art\u00edculo se guardar\u00e1 una cookie adicional en tu navegador. Esta cookie no incluye datos personales y simplemente indica el ID del art\u00edculo que acabas de editar. Caduca despu\u00e9s de 1 d\u00eda.<\/p><!-- \/wp:paragraph --><!-- wp:heading --><h2>Contenido incrustado de otros sitios web<\/h2><!-- \/wp:heading --><!-- wp:paragraph --><p><strong class=\"privacy-policy-tutorial\">Texto sugerido: <\/strong>Los art\u00edculos de este sitio pueden incluir contenido incrustado (por ejemplo, v\u00eddeos, im\u00e1genes, art\u00edculos, etc.). El contenido incrustado de otras webs se comporta exactamente de la misma manera que si el visitante hubiera visitado la otra web.<\/p><!-- \/wp:paragraph --><!-- wp:paragraph --><p>Estas web pueden recopilar datos sobre ti, utilizar cookies, incrustar un seguimiento adicional de terceros, y supervisar tu interacci\u00f3n con ese contenido incrustado, incluido el seguimiento de tu interacci\u00f3n con el contenido incrustado si tienes una cuenta y est\u00e1s conectado a esa web.<\/p><!-- \/wp:paragraph --><!-- wp:heading --><h2>Con qui\u00e9n compartimos tus datos<\/h2><!-- \/wp:heading --><!-- wp:paragraph --><p><strong class=\"privacy-policy-tutorial\">Texto sugerido: <\/strong>Si solicitas un restablecimiento de contrase\u00f1a, tu direcci\u00f3n IP ser\u00e1 incluida en el correo electr\u00f3nico de restablecimiento.<\/p><!-- \/wp:paragraph --><!-- wp:heading --><h2>Cu\u00e1nto tiempo conservamos tus datos<\/h2><!-- \/wp:heading --><!-- wp:paragraph --><p><strong class=\"privacy-policy-tutorial\">Texto sugerido: <\/strong>Si dejas un comentario, el comentario y sus metadatos se conservan indefinidamente. Esto es para que podamos reconocer y aprobar comentarios sucesivos autom\u00e1ticamente, en lugar de mantenerlos en una cola de moderaci\u00f3n.<\/p><!-- \/wp:paragraph --><!-- wp:paragraph --><p>De los usuarios que se registran en nuestra web (si los hay), tambi\u00e9n almacenamos la informaci\u00f3n personal que proporcionan en su perfil de usuario. Todos los usuarios pueden ver, editar o eliminar su informaci\u00f3n personal en cualquier momento (excepto que no pueden cambiar su nombre de usuario). Los administradores de la web tambi\u00e9n pueden ver y editar esa informaci\u00f3n.<\/p><!-- \/wp:paragraph --><!-- wp:heading --><h2>Qu\u00e9 derechos tienes sobre tus datos<\/h2><!-- \/wp:heading --><!-- wp:paragraph --><p><strong class=\"privacy-policy-tutorial\">Texto sugerido: <\/strong>Si tienes una cuenta o has dejado comentarios en esta web, puedes solicitar recibir un archivo de exportaci\u00f3n de los datos personales que tenemos sobre ti, incluyendo cualquier dato que nos hayas proporcionado. Tambi\u00e9n puedes solicitar que eliminemos cualquier dato personal que tengamos sobre ti. Esto no incluye ning\u00fan dato que estemos obligados a conservar con fines administrativos, legales o de seguridad.<\/p><!-- \/wp:paragraph --><!-- wp:heading --><h2>D\u00f3nde se env\u00edan tus datos<\/h2><!-- \/wp:heading --><!-- wp:paragraph --><p><strong class=\"privacy-policy-tutorial\">Texto sugerido: <\/strong>Los comentarios de los visitantes puede que los revise un servicio de detecci\u00f3n autom\u00e1tica de spam.<\/p><!-- \/wp:paragraph -->","_et_gb_content_width":""},"aioseo_notices":[],"_links":{"self":[{"href":"https:\/\/www.samaranch.com\/ca\/wp-json\/wp\/v2\/pages\/848"}],"collection":[{"href":"https:\/\/www.samaranch.com\/ca\/wp-json\/wp\/v2\/pages"}],"about":[{"href":"https:\/\/www.samaranch.com\/ca\/wp-json\/wp\/v2\/types\/page"}],"author":[{"embeddable":true,"href":"https:\/\/www.samaranch.com\/ca\/wp-json\/wp\/v2\/users\/1"}],"replies":[{"embeddable":true,"href":"https:\/\/www.samaranch.com\/ca\/wp-json\/wp\/v2\/comments?post=848"}],"version-history":[{"count":7,"href":"https:\/\/www.samaranch.com\/ca\/wp-json\/wp\/v2\/pages\/848\/revisions"}],"predecessor-version":[{"id":1489,"href":"https:\/\/www.samaranch.com\/ca\/wp-json\/wp\/v2\/pages\/848\/revisions\/1489"}],"wp:attachment":[{"href":"https:\/\/www.samaranch.com\/ca\/wp-json\/wp\/v2\/media?parent=848"}],"curies":[{"name":"wp","href":"https:\/\/api.w.org\/{rel}","templated":true}]}}