{"id":588,"date":"2023-05-17T10:55:15","date_gmt":"2023-05-17T08:55:15","guid":{"rendered":"https:\/\/webs.seoyconsultoria.com\/samaranch\/endocrinologia-y-nutricion-en-barcelona\/"},"modified":"2023-05-18T11:56:54","modified_gmt":"2023-05-18T09:56:54","slug":"endocrinologia-y-nutricio-en-barcelona","status":"publish","type":"page","link":"https:\/\/www.samaranch.com\/ca\/endocrinologia-y-nutricio-en-barcelona\/","title":{"rendered":"Endocrinolog\u00eda y Nutrici\u00f3 en Barcelona"},"content":{"rendered":"<p>[et_pb_section fb_built=&#8221;1&#8243; admin_label=&#8221;About&#8221; _builder_version=&#8221;4.16&#8243; _module_preset=&#8221;default&#8221; overflow-x=&#8221;hidden&#8221; overflow-y=&#8221;hidden&#8221; locked=&#8221;off&#8221; global_colors_info=&#8221;{}&#8221;][et_pb_row column_structure=&#8221;3_5,2_5&#8243; make_equal=&#8221;on&#8221; _builder_version=&#8221;4.21.0&#8243; _module_preset=&#8221;default&#8221; width=&#8221;90%&#8221; max_width=&#8221;2560px&#8221; custom_padding=&#8221;0px||27px|||&#8221; hover_enabled=&#8221;0&#8243; custom_css_main_element=&#8221;align-items:center;&#8221; global_colors_info=&#8221;{}&#8221; sticky_enabled=&#8221;0&#8243;][et_pb_column type=&#8221;3_5&#8243; _builder_version=&#8221;4.16&#8243; _module_preset=&#8221;default&#8221; global_colors_info=&#8221;{}&#8221;][et_pb_text _builder_version=&#8221;4.21.0&#8243; _module_preset=&#8221;default&#8221; header_2_font=&#8221;EB Garamond|600|||||||&#8221; header_2_font_size=&#8221;40px&#8221; header_2_line_height=&#8221;1.3em&#8221; custom_margin=&#8221;||-1px|||&#8221; hover_enabled=&#8221;0&#8243; header_2_font_size_tablet=&#8221;34px&#8221; header_2_font_size_phone=&#8221;22px&#8221; header_2_font_size_last_edited=&#8221;on|phone&#8221; locked=&#8221;off&#8221; global_colors_info=&#8221;{}&#8221; header_2_2_font_size_tablet=&#8221;34px&#8221; header_3_2_font_size_tablet=&#8221;34px&#8221; header_4_2_font_size_tablet=&#8221;34px&#8221; header_5_2_font_size_tablet=&#8221;34px&#8221; header_6_2_font_size_tablet=&#8221;34px&#8221; header_2_2_font_size_phone=&#8221;22px&#8221; header_3_2_font_size_phone=&#8221;22px&#8221; header_4_2_font_size_phone=&#8221;22px&#8221; header_5_2_font_size_phone=&#8221;22px&#8221; header_6_2_font_size_phone=&#8221;22px&#8221; header_2_2_font_size_last_edited=&#8221;on|phone&#8221; header_3_2_font_size_last_edited=&#8221;on|phone&#8221; header_4_2_font_size_last_edited=&#8221;on|phone&#8221; header_5_2_font_size_last_edited=&#8221;on|phone&#8221; header_6_2_font_size_last_edited=&#8221;on|phone&#8221; sticky_enabled=&#8221;0&#8243;]<\/p>\n<h1>Endocrinolog\u00eda y Nutrici\u00f3 en Barcelona<\/h1>\n<p>[\/et_pb_text][et_pb_divider color=&#8221;#E13830&#8243; divider_weight=&#8221;2px&#8221; _builder_version=&#8221;4.21.0&#8243; _module_preset=&#8221;default&#8221; width=&#8221;96%&#8221; custom_margin=&#8221;||19px|||&#8221; locked=&#8221;off&#8221; global_colors_info=&#8221;{}&#8221;][\/et_pb_divider][et_pb_text _builder_version=&#8221;4.21.0&#8243; _module_preset=&#8221;default&#8221; text_font=&#8221;||||||||&#8221; text_font_size=&#8221;16px&#8221; text_line_height=&#8221;1.8em&#8221; hover_enabled=&#8221;0&#8243; locked=&#8221;off&#8221; global_colors_info=&#8221;{}&#8221; sticky_enabled=&#8221;0&#8243;]<\/p>\n<p>S\u00f3c el <strong>Dr. Manuel G\u00f3mez Prieto<\/strong>, ja fa anys que em dedico a l&#8217;endocrinologia, especialitat fonamental en el m\u00f3n d&#8217;avui dia, i que gr\u00e0cies als aven\u00e7os aconseguits es poden solucionar multitud de problemes aconseguint-se una molt bona qualitat de vida als pacients amb els tractaments que es poden administrar, aix\u00ed com en un camp paral\u00b7lel com \u00e9s la nutrici\u00f3, es poden aconseguir resultats apreciables i molt satisfactoris per a la persona que els realitza.<\/p>\n<p>[\/et_pb_text][\/et_pb_column][et_pb_column type=&#8221;2_5&#8243; _builder_version=&#8221;4.21.0&#8243; _module_preset=&#8221;default&#8221; global_colors_info=&#8221;{}&#8221;][dnxte_coverflowslider_parent dnxte_coverflow_loop=&#8221;on&#8221; dnxte_coverflow_breakpoint_desktop=&#8221;1&#8243; dnxte_coverflow_arrow_color=&#8221;#E13830&#8243; dnxte_coverflow_dots_active_color=&#8221;#E13830&#8243; _builder_version=&#8221;4.21.0&#8243; _module_preset=&#8221;default&#8221; global_colors_info=&#8221;{}&#8221;][dnxte_coverflowslider_child coverflowslider_image=&#8221;https:\/\/www.samaranch.com\/wp-content\/uploads\/2023\/05\/tiroides-slider-3.jpg&#8221; _builder_version=&#8221;4.21.0&#8243; _module_preset=&#8221;default&#8221; global_colors_info=&#8221;{}&#8221;][\/dnxte_coverflowslider_child][dnxte_coverflowslider_child coverflowslider_image=&#8221;https:\/\/www.samaranch.com\/wp-content\/uploads\/2023\/05\/endocrino-slider-1.jpg&#8221; _builder_version=&#8221;4.21.0&#8243; _module_preset=&#8221;default&#8221; global_colors_info=&#8221;{}&#8221;][\/dnxte_coverflowslider_child][dnxte_coverflowslider_child coverflowslider_image=&#8221;https:\/\/www.samaranch.com\/wp-content\/uploads\/2023\/05\/tiroides-slider-2.jpg&#8221; _builder_version=&#8221;4.21.0&#8243; _module_preset=&#8221;default&#8221; global_colors_info=&#8221;{}&#8221;][\/dnxte_coverflowslider_child][\/dnxte_coverflowslider_parent][\/et_pb_column][\/et_pb_row][\/et_pb_section]<\/p>\n","protected":false},"excerpt":{"rendered":"<p>Endocrinolog\u00eda y Nutrici\u00f3 en BarcelonaS\u00f3c el Dr. Manuel G\u00f3mez Prieto, ja fa anys que em dedico a l&#8217;endocrinologia, especialitat fonamental en el m\u00f3n d&#8217;avui dia, i que gr\u00e0cies als aven\u00e7os aconseguits es poden solucionar multitud de problemes aconseguint-se una molt bona qualitat de vida als pacients amb els tractaments que es poden administrar, aix\u00ed com [&hellip;]<\/p>\n","protected":false},"author":1,"featured_media":0,"parent":0,"menu_order":0,"comment_status":"closed","ping_status":"closed","template":"","meta":{"_et_pb_use_builder":"on","_et_pb_old_content":"","_et_gb_content_width":""},"aioseo_notices":[],"_links":{"self":[{"href":"https:\/\/www.samaranch.com\/ca\/wp-json\/wp\/v2\/pages\/588"}],"collection":[{"href":"https:\/\/www.samaranch.com\/ca\/wp-json\/wp\/v2\/pages"}],"about":[{"href":"https:\/\/www.samaranch.com\/ca\/wp-json\/wp\/v2\/types\/page"}],"author":[{"embeddable":true,"href":"https:\/\/www.samaranch.com\/ca\/wp-json\/wp\/v2\/users\/1"}],"replies":[{"embeddable":true,"href":"https:\/\/www.samaranch.com\/ca\/wp-json\/wp\/v2\/comments?post=588"}],"version-history":[{"count":4,"href":"https:\/\/www.samaranch.com\/ca\/wp-json\/wp\/v2\/pages\/588\/revisions"}],"predecessor-version":[{"id":594,"href":"https:\/\/www.samaranch.com\/ca\/wp-json\/wp\/v2\/pages\/588\/revisions\/594"}],"wp:attachment":[{"href":"https:\/\/www.samaranch.com\/ca\/wp-json\/wp\/v2\/media?parent=588"}],"curies":[{"name":"wp","href":"https:\/\/api.w.org\/{rel}","templated":true}]}}