{"id":562,"date":"2023-05-17T08:47:04","date_gmt":"2023-05-17T06:47:04","guid":{"rendered":"https:\/\/webs.seoyconsultoria.com\/samaranch\/reproduccion-asistida-en-barcelona\/"},"modified":"2023-11-07T11:20:39","modified_gmt":"2023-11-07T09:20:39","slug":"reproduccio-assistida-en-barcelona","status":"publish","type":"page","link":"https:\/\/www.samaranch.com\/ca\/reproduccio-assistida-en-barcelona\/","title":{"rendered":"Reproducci\u00f3 Assistida en Barcelona"},"content":{"rendered":"<p>[et_pb_section fb_built=&#8221;1&#8243; admin_label=&#8221;About&#8221; _builder_version=&#8221;4.16&#8243; _module_preset=&#8221;default&#8221; overflow-x=&#8221;hidden&#8221; overflow-y=&#8221;hidden&#8221; custom_padding=&#8221;||50px|||&#8221; locked=&#8221;off&#8221; global_colors_info=&#8221;{}&#8221;][et_pb_row column_structure=&#8221;3_5,2_5&#8243; make_equal=&#8221;on&#8221; _builder_version=&#8221;4.21.0&#8243; _module_preset=&#8221;default&#8221; custom_padding=&#8221;0px||5px|||&#8221; custom_css_main_element=&#8221;align-items:center;&#8221; global_colors_info=&#8221;{}&#8221;][et_pb_column type=&#8221;3_5&#8243; _builder_version=&#8221;4.16&#8243; _module_preset=&#8221;default&#8221; global_colors_info=&#8221;{}&#8221;][et_pb_text _builder_version=&#8221;4.21.0&#8243; _module_preset=&#8221;default&#8221; header_2_font=&#8221;EB Garamond|600|||||||&#8221; header_2_font_size=&#8221;40px&#8221; header_2_line_height=&#8221;1.3em&#8221; custom_margin=&#8221;||-1px|||&#8221; header_2_font_size_tablet=&#8221;34px&#8221; header_2_font_size_phone=&#8221;22px&#8221; header_2_font_size_last_edited=&#8221;on|phone&#8221; locked=&#8221;off&#8221; global_colors_info=&#8221;{}&#8221; header_2_2_font_size_tablet=&#8221;34px&#8221; header_3_2_font_size_tablet=&#8221;34px&#8221; header_4_2_font_size_tablet=&#8221;34px&#8221; header_5_2_font_size_tablet=&#8221;34px&#8221; header_6_2_font_size_tablet=&#8221;34px&#8221; header_2_2_font_size_phone=&#8221;22px&#8221; header_3_2_font_size_phone=&#8221;22px&#8221; header_4_2_font_size_phone=&#8221;22px&#8221; header_5_2_font_size_phone=&#8221;22px&#8221; header_6_2_font_size_phone=&#8221;22px&#8221; header_2_2_font_size_last_edited=&#8221;on|phone&#8221; header_3_2_font_size_last_edited=&#8221;on|phone&#8221; header_4_2_font_size_last_edited=&#8221;on|phone&#8221; header_5_2_font_size_last_edited=&#8221;on|phone&#8221; header_6_2_font_size_last_edited=&#8221;on|phone&#8221;]<\/p>\n<h1>Reproducci\u00f3 Assistida en Barcelona<\/h1>\n<p>[\/et_pb_text][et_pb_divider color=&#8221;#E13830&#8243; divider_weight=&#8221;2px&#8221; _builder_version=&#8221;4.21.0&#8243; _module_preset=&#8221;default&#8221; width=&#8221;96%&#8221; custom_margin=&#8221;||19px|||&#8221; locked=&#8221;off&#8221; global_colors_info=&#8221;{}&#8221;][\/et_pb_divider][et_pb_text _builder_version=&#8221;4.21.0&#8243; _module_preset=&#8221;default&#8221; text_font=&#8221;||||||||&#8221; text_font_size=&#8221;16px&#8221; text_line_height=&#8221;1.8em&#8221; locked=&#8221;off&#8221; global_colors_info=&#8221;{}&#8221;]<\/p>\n<p><span>\u00a0\u00a0\u00a0\u00a0 Es defineix l\u2019 esterilitat com la impossibilitat\u00a0 que una parella obtingui un embar\u00e0s despr\u00e9s d\u2019un any de mantenir relacions sexuals sense utilitzar m\u00e8todes anticonceptius.<\/span><\/p>\n<p><span>\u00a0\u00a0\u00a0\u00a0\u00a0S\u2019estima que entre un 10% i un 15% de les parelles en edat f\u00e8rtil tindran alguna dificultat a l\u2019hora de concebre (aproximadament 600.000 o 700.00 parelles a Espanya), la qual cosa suposa un increment del 25% respecte a les dades publicades fa una d\u00e8cada.<\/span><\/p>\n<p><span>\u00a0\u00a0\u00a0\u00a0\u00a0 Malgrat l\u2019increment del nombre de parelles que consulten, la taxa de fertilitat quasi \u00a0no s\u2019ha modificat. El que realment ha sofert un intens canvi ha sigut la demografia de parelles en edat reproductiva. Existeix, sense cap mena de dubte, un canvi social que fa posposar la fertilitat de la parella.<\/span><\/p>\n<p>[\/et_pb_text][\/et_pb_column][et_pb_column type=&#8221;2_5&#8243; _builder_version=&#8221;4.16&#8243; _module_preset=&#8221;default&#8221; global_colors_info=&#8221;{}&#8221;][et_pb_image src=&#8221;https:\/\/www.samaranch.com\/wp-content\/uploads\/2023\/05\/inseminacion-artificial-inyeccion-intracitoplasmatica-esperma.jpg&#8221; alt=&#8221;Inseminacion Artificial Inyeccion Intracitoplasmatica Esperma&#8221; title_text=&#8221;Inseminacion Artificial Inyeccion Intracitoplasmatica Esperma&#8221; _builder_version=&#8221;4.21.0&#8243; _module_preset=&#8221;default&#8221; custom_margin=&#8221;|-30vw|||false|false&#8221; custom_margin_tablet=&#8221;|0vw|||false|false&#8221; custom_margin_phone=&#8221;&#8221; custom_margin_last_edited=&#8221;on|tablet&#8221; global_colors_info=&#8221;{}&#8221;][\/et_pb_image][\/et_pb_column][\/et_pb_row][\/et_pb_section][et_pb_section fb_built=&#8221;1&#8243; _builder_version=&#8221;4.21.0&#8243; _module_preset=&#8221;default&#8221; background_color=&#8221;RGBA(249,247,247,0.8)&#8221; custom_padding=&#8221;14px||8px|||&#8221; global_colors_info=&#8221;{}&#8221;][et_pb_row use_custom_gutter=&#8221;on&#8221; make_equal=&#8221;on&#8221; _builder_version=&#8221;4.21.0&#8243; _module_preset=&#8221;default&#8221; width=&#8221;90%&#8221; max_width=&#8221;2560px&#8221; global_colors_info=&#8221;{}&#8221;][et_pb_column type=&#8221;4_4&#8243; _builder_version=&#8221;4.21.0&#8243; _module_preset=&#8221;default&#8221; global_colors_info=&#8221;{}&#8221;][et_pb_text _builder_version=&#8221;4.21.0&#8243; _module_preset=&#8221;default&#8221; text_font=&#8221;||||||||&#8221; text_font_size=&#8221;16px&#8221; text_line_height=&#8221;1.8em&#8221; locked=&#8221;off&#8221; global_colors_info=&#8221;{}&#8221;]<\/p>\n<p>Reproducci\u00f3 assistidaA la nostra consulta, si ho considerem necessari, iniciarem els estudis per iniciar els estudis de diagn\u00f2stic d\u2019esterilitat de la parella i la realitzaci\u00f3 de les t\u00e8cniques de Reproducci\u00f3.<\/p>\n<p>El tracte \u00e9s absolutament personalitzat, fugint en tot moment de massificacions i del problema que \u201ccada cop em visita un metge diferent\u201d, ja que, creiem que tenir un sol interlocutor v\u00e0lid en aquesta situaci\u00f3 tan estressant per a la parella \u00e9s de gran ajuda, sense renunciar al suport de tots els professionals que intervenen dins del proc\u00e9s.A m\u00e9s l\u2019ampli horari del centre permet adaptar-nos a les necessitats de la parella per alterar el m\u00ednim possible la seva vida tant a nivell laboral com personal, cosa que permet una m\u00e0xima discreci\u00f3, sempre desitjable en aquests casos.<\/p>\n<p>Despr\u00e9s d\u2019un primer estudi s\u2019avalua el problema i s\u2019aconsella a la parella el tractament o la t\u00e8cnica m\u00e9s adequada per al seu cas:<\/p>\n<p>[\/et_pb_text][et_pb_text _builder_version=&#8221;4.21.0&#8243; _module_preset=&#8221;default&#8221; text_font=&#8221;||||||||&#8221; text_font_size=&#8221;16px&#8221; text_line_height=&#8221;1.8em&#8221; custom_margin=&#8221;||17px|||&#8221; locked=&#8221;off&#8221; global_colors_info=&#8221;{}&#8221;]<strong>En el curs de l\u2019estudi es realitzaran:<\/strong>[\/et_pb_text][dnxte_feature_list_parent dnxte_feature_list_icon_color=&#8221;#E13830&#8243; dnxte_feature_list_icon_size=&#8221;20px&#8221; dnxte_feature_list_item_padding=&#8221;|||20px|false|false&#8221; dnxte_feature_list_title_padding=&#8221;||8px||false|false&#8221; _builder_version=&#8221;4.21.0&#8243; _module_preset=&#8221;default&#8221; title_font=&#8221;|600|||||||&#8221; global_colors_info=&#8221;{}&#8221;][dnxte_feature_list_child dnxte_feature_list_title=&#8221;Exploraci\u00f3 ginecol\u00f2gica completa a la dona.&#8221; dnxte_feature_list_use_number=&#8221;on&#8221; dnxte_feature_list_number=&#8221;1&#8243; dnxte_feature_list_icon_color=&#8221;#E13830&#8243; dnxte_feature_list_image_width=&#8221;0px&#8221; _builder_version=&#8221;4.21.0&#8243; _module_preset=&#8221;default&#8221; module_font=&#8221;|600|||||||&#8221; border_color_all_icon=&#8221;#E13830&#8243; global_colors_info=&#8221;{}&#8221;][\/dnxte_feature_list_child][dnxte_feature_list_child dnxte_feature_list_title=&#8221;Espermiograma de l\u2019home que inclou cariotipus.&#8221; dnxte_feature_list_use_number=&#8221;on&#8221; dnxte_feature_list_number=&#8221;2&#8243; dnxte_feature_list_icon_color=&#8221;#E13830&#8243; dnxte_feature_list_image_width=&#8221;0px&#8221; _builder_version=&#8221;4.21.0&#8243; _module_preset=&#8221;default&#8221; module_font=&#8221;|600|||||||&#8221; border_color_all_icon=&#8221;#E13830&#8243; global_colors_info=&#8221;{}&#8221;][\/dnxte_feature_list_child][dnxte_feature_list_child dnxte_feature_list_title=&#8221;Anal\u00edtica general i hormonal de la  dona on s\u2019inclou el cariotipus.&#8221; dnxte_feature_list_use_number=&#8221;on&#8221; dnxte_feature_list_number=&#8221;3&#8243; dnxte_feature_list_icon_color=&#8221;#E13830&#8243; dnxte_feature_list_image_width=&#8221;0px&#8221; _builder_version=&#8221;4.21.0&#8243; _module_preset=&#8221;default&#8221; module_font=&#8221;|600|||||||&#8221; border_color_all_icon=&#8221;#E13830&#8243; global_colors_info=&#8221;{}&#8221;][\/dnxte_feature_list_child][dnxte_feature_list_child dnxte_feature_list_title=&#8221;Histerosalpingografia. Radiografia amb contrast de la cavitat uterina i les trompes.&#8221; dnxte_feature_list_use_number=&#8221;on&#8221; dnxte_feature_list_number=&#8221;4&#8243; dnxte_feature_list_icon_color=&#8221;#E13830&#8243; dnxte_feature_list_image_width=&#8221;0px&#8221; _builder_version=&#8221;4.21.0&#8243; _module_preset=&#8221;default&#8221; module_font=&#8221;|600|||||||&#8221; border_color_all_icon=&#8221;#E13830&#8243; global_colors_info=&#8221;{}&#8221;][\/dnxte_feature_list_child][dnxte_feature_list_child dnxte_feature_list_title=&#8221;En alguns casos quan \u00e9s aconsellable practicar una laparosc\u00f2pia diagn\u00f2stica a la dona quan es sospita la pres\u00e8ncia d\u2019endometriosi i\/o adher\u00e8ncies a les trompes. La prova consisteix a introduir una \u00f2ptica a l\u2019abdomen per veure \u00fater, trompes i ovaris, i es realitza al quir\u00f2fan amb anest\u00e8sia.&#8221; dnxte_feature_list_use_number=&#8221;on&#8221; dnxte_feature_list_number=&#8221;5&#8243; dnxte_feature_list_icon_color=&#8221;#E13830&#8243; dnxte_feature_list_image_width=&#8221;0px&#8221; _builder_version=&#8221;4.21.0&#8243; _module_preset=&#8221;default&#8221; module_font=&#8221;|600|||||||&#8221; border_color_all_icon=&#8221;#E13830&#8243; global_colors_info=&#8221;{}&#8221;][\/dnxte_feature_list_child][\/dnxte_feature_list_parent][\/et_pb_column][\/et_pb_row][\/et_pb_section][et_pb_section fb_built=&#8221;1&#8243; _builder_version=&#8221;4.21.0&#8243; _module_preset=&#8221;default&#8221; background_enable_color=&#8221;off&#8221; custom_padding=&#8221;40px||53px|||&#8221; global_colors_info=&#8221;{}&#8221;][et_pb_row column_structure=&#8221;1_3,1_3,1_3&#8243; use_custom_gutter=&#8221;on&#8221; make_equal=&#8221;on&#8221; _builder_version=&#8221;4.21.0&#8243; _module_preset=&#8221;default&#8221; width=&#8221;90%&#8221; max_width=&#8221;2560px&#8221; custom_padding=&#8221;23px|||||&#8221; global_colors_info=&#8221;{}&#8221;][et_pb_column type=&#8221;1_3&#8243; _builder_version=&#8221;4.21.0&#8243; _module_preset=&#8221;default&#8221; global_colors_info=&#8221;{}&#8221;][dnxte_blurb blurb_heading=&#8221;Inducci\u00f3 de l\u2019ovulaci\u00f3&#8221; blurb_description=&#8221;<\/p>\n<p style=%22text-align: justify;%22><span> <\/span><span>Es realitza mitjan\u00e7ant medicaci\u00f3, en pacients en les quals s\u2019ha vist que no ovulen o els cicles de les quals s\u00f3n molt llargs<\/span><span>.<\/span><\/p>\n<p>&#8221; dnxt_pre_margin=&#8221;||||false|false&#8221; dnxt_pre_padding=&#8221;||||false|false&#8221; dnxt_header_padding=&#8221;30px|40px||40px|false|true&#8221; dnxt_body_padding=&#8221;||||false|false&#8221; dnxt_content_padding=&#8221;|40px|30px|40px|false|true&#8221; _builder_version=&#8221;4.21.0&#8243; _module_preset=&#8221;default&#8221; dnxt_heading_font=&#8221;|||on|||||&#8221; dnxt_heading_text_align=&#8221;center&#8221; dnxt_body_font=&#8221;|300|||||||&#8221; animation_style=&#8221;fade&#8221; border_width_top=&#8221;4px&#8221; border_color_top=&#8221;#E13830&#8243; box_shadow_style=&#8221;preset3&#8243; global_colors_info=&#8221;{}&#8221;][\/dnxte_blurb][dnxte_blurb blurb_heading=&#8221;FIV-ICSI (Fecundaci\u00f3 in vitro amb\/sense microinjecci\u00f3 esperm\u00e0tica)&#8221; blurb_description=&#8221;<\/p>\n<p style=%22text-align: justify;%22><span>En aquest cas s\u2019indueix una hiperestimulaci\u00f3 ov\u00e0rica controlada a la dona, per a l\u2019obtenci\u00f3 d\u2019\u00f2vuls mitjan\u00e7ant punci\u00f3 dels fol\u00b7licles ov\u00e0rics a trav\u00e9s de vagina amb control ecogr\u00e0fic i amb sedaci\u00f3. Una vegada obtinguts, es fecunden al laboratori amb el semen de la parella i posteriorment, una vegada obtinguts embrions, aquests s\u2019introdueixen a l\u2019\u00fater al trav\u00e9s del seu coll. La fecundaci\u00f3 es pot realitzar posant en contacte l\u2019\u00f2vul amb l\u2019esperma en una placa de vidre (In Vitro), o b\u00e9 agafant els espermes un a un amb una microagulla amb control microsc\u00f2pic i despr\u00e9s punxant l\u2019\u00f2vul i depositant l\u2019espermatozou al seu interior per tal  que es produeixi la fecundaci\u00f3 (ICSI).<\/span><\/p>\n<p>&#8221; dnxt_pre_margin=&#8221;||||false|false&#8221; dnxt_pre_padding=&#8221;||||false|false&#8221; dnxt_header_padding=&#8221;30px|40px||40px|false|true&#8221; dnxt_body_padding=&#8221;||||false|false&#8221; dnxt_content_padding=&#8221;|40px|30px|40px|false|true&#8221; _builder_version=&#8221;4.21.0&#8243; _module_preset=&#8221;default&#8221; dnxt_heading_font=&#8221;|||on|||||&#8221; dnxt_heading_text_align=&#8221;center&#8221; dnxt_body_font=&#8221;|300|||||||&#8221; animation_style=&#8221;fade&#8221; border_width_top=&#8221;4px&#8221; border_color_top=&#8221;#555555&#8243; box_shadow_style=&#8221;preset3&#8243; global_colors_info=&#8221;{}&#8221;][\/dnxte_blurb][dnxte_blurb blurb_heading=&#8221;Congelaci\u00f3 d&#8217;embrions&#8221; blurb_description=&#8221;<\/p>\n<p><span>En cas que , fruit d\u2019una FIV, el nombre d\u2019embrions aconseguits sigui superior als dels que es van a transferir, existeix la possibilitat de congelar-los i posteriorment, al cap  del temps, descongelar-los i transferir-los quan ho desitgi la parella, o b\u00e9 despr\u00e9s de la primera transfer\u00e8ncia en cas de no quedar gestant, o b\u00e9 al cap d\u2019uns anys si ha quedat gestant en la primera transfer\u00e8ncia.<\/span><\/p>\n<p>&#8221; dnxt_pre_margin=&#8221;||||false|false&#8221; dnxt_pre_padding=&#8221;||||false|false&#8221; dnxt_header_padding=&#8221;30px|40px||40px|false|true&#8221; dnxt_body_padding=&#8221;||||false|false&#8221; dnxt_content_padding=&#8221;|40px|30px|40px|false|true&#8221; _builder_version=&#8221;4.21.0&#8243; _module_preset=&#8221;default&#8221; dnxt_heading_font=&#8221;|||on|||||&#8221; dnxt_heading_text_align=&#8221;center&#8221; dnxt_body_font=&#8221;|300|||||||&#8221; animation_style=&#8221;fade&#8221; border_width_top=&#8221;4px&#8221; border_color_top=&#8221;#E13830&#8243; box_shadow_style=&#8221;preset3&#8243; global_colors_info=&#8221;{}&#8221;][\/dnxte_blurb][\/et_pb_column][et_pb_column type=&#8221;1_3&#8243; _builder_version=&#8221;4.21.0&#8243; _module_preset=&#8221;default&#8221; global_colors_info=&#8221;{}&#8221;][dnxte_blurb blurb_heading=&#8221;Inseminacions amb semen de parella (IAC)&#8221; blurb_description=&#8221;<\/p>\n<p style=%22text-align: justify;%22><span>En aquest cas es poden realitzar amb ovulaci\u00f3 espont\u00e0nia o, en cas de voler m\u00e9s efectivitat, amb inducci\u00f3 d\u2019ovulaci\u00f3. S\u2019indueix l\u2019ovulaci\u00f3 a la dona, i el dia adequat s\u2019introdueix el semen degudament preparat (Capacitat)a l\u2019interior de l\u2019\u00fater, amb la qual cosa s\u2019aconsegueix que le semen hi sigui el dia apropiat, es prepara i es diposita al fons de  l\u2019\u00fater amb la qual cosa evitem el seu pas pel moc cervical, que en algunes ocasions, dificulta el seu ascens, i permet augmentar la possibilitat d\u2019embar\u00e0s.<\/span><\/p>\n<p>&#8221; dnxt_pre_margin=&#8221;||||false|false&#8221; dnxt_pre_padding=&#8221;||||false|false&#8221; dnxt_header_padding=&#8221;30px|40px||40px|false|true&#8221; dnxt_body_padding=&#8221;||||false|false&#8221; dnxt_content_padding=&#8221;|40px|30px|40px|false|true&#8221; _builder_version=&#8221;4.21.0&#8243; _module_preset=&#8221;default&#8221; dnxt_heading_font=&#8221;|||on|||||&#8221; dnxt_heading_text_align=&#8221;center&#8221; dnxt_body_font=&#8221;|300|||||||&#8221; animation_style=&#8221;fade&#8221; border_width_top=&#8221;4px&#8221; border_color_top=&#8221;#555555&#8243; box_shadow_style=&#8221;preset3&#8243; global_colors_info=&#8221;{}&#8221;][\/dnxte_blurb][dnxte_blurb blurb_heading=&#8221;Ovodonaci\u00f3&#8221; blurb_description=&#8221;<\/p>\n<p><span>En aquest cas s\u2019estimula una donant a la qual s\u2019hauran realitzat els mateixos controls als quals ens hem referit per al donant d\u2019esperma, i els \u00f2vuls que s\u2019obtinguin es fecundaran amb l\u2019esperma de la parella. Una vegada obtinguts els embrions es transferiran a la pacient a la qual s\u2019haur\u00e0 preparat convenientment per a la seva recepci\u00f3.<\/span><\/p>\n<p>&#8221; dnxt_pre_margin=&#8221;||||false|false&#8221; dnxt_pre_padding=&#8221;||||false|false&#8221; dnxt_header_padding=&#8221;30px|40px||40px|false|true&#8221; dnxt_body_padding=&#8221;||||false|false&#8221; dnxt_content_padding=&#8221;|40px|30px|40px|false|true&#8221; _builder_version=&#8221;4.21.0&#8243; _module_preset=&#8221;default&#8221; dnxt_heading_font=&#8221;|||on|||||&#8221; dnxt_heading_text_align=&#8221;center&#8221; dnxt_body_font=&#8221;|300|||||||&#8221; animation_style=&#8221;fade&#8221; border_width_top=&#8221;4px&#8221; border_color_top=&#8221;#E13830&#8243; box_shadow_style=&#8221;preset3&#8243; global_colors_info=&#8221;{}&#8221;][\/dnxte_blurb][dnxte_blurb blurb_heading=&#8221;Vitrificaci\u00f3 d\u2019\u00f2vuls&#8221; blurb_description=&#8221;<\/p>\n<p><span>En cas de ser necessari que una dona s\u2019hagi de sotmetre a quimioter\u00e0pia i\/o radioter\u00e0pia i desitgi conservar els seus \u00f2vuls sense que s\u2019afectin per les ter\u00e0pies citades , avui en dia existeix la possibilitat de conservar els \u00f2vuls per poder ser utilitzats per la pacient un cop curada de la malaltia que l\u2019ha portada a la necessitat de realitzar-se aquests tractaments. De la mateixa manera, la dona que per motius personals vulgui conservar els seus \u00f2vuls vitrificats per ser utilitzats m\u00e9s endavant pot beneficiar-se d\u2019aquesta t\u00e8cnica<\/span><\/p>\n<p>&#8221; dnxt_pre_margin=&#8221;||||false|false&#8221; dnxt_pre_padding=&#8221;||||false|false&#8221; dnxt_header_padding=&#8221;30px|40px||40px|false|true&#8221; dnxt_body_padding=&#8221;||||false|false&#8221; dnxt_content_padding=&#8221;|40px|30px|40px|false|true&#8221; _builder_version=&#8221;4.21.0&#8243; _module_preset=&#8221;default&#8221; dnxt_heading_font=&#8221;|||on|||||&#8221; dnxt_heading_text_align=&#8221;center&#8221; dnxt_body_font=&#8221;|300|||||||&#8221; animation_style=&#8221;fade&#8221; border_width_top=&#8221;4px&#8221; border_color_top=&#8221;#555555&#8243; box_shadow_style=&#8221;preset3&#8243; global_colors_info=&#8221;{}&#8221;][\/dnxte_blurb][\/et_pb_column][et_pb_column type=&#8221;1_3&#8243; _builder_version=&#8221;4.21.0&#8243; _module_preset=&#8221;default&#8221; global_colors_info=&#8221;{}&#8221;][dnxte_blurb blurb_heading=&#8221;Inseminacions amb semen de donant(IAD)&#8221; blurb_description=&#8221;<\/p>\n<p>Igual que s\u2019ha indicat a l\u2019apartat anterior per\u00f2, ja sigui per abs\u00e8ncia de parella masculina , o sigui perqu\u00e8 el semen de la parella no te espermatozous viables, cal rec\u00f3rrer a aquesta t\u00e8cnica. En aquest cas al donant d\u2019esperma se li ha realitzat una hist\u00f2ria cl\u00ednica i anal\u00edtica que inclou serologies i espermiograma per tal de descartar en la mesura que sigui possible qualsevol tipus de malaltia transmissible al fetus.<\/p>\n<p>Les t\u00e8cniques descrites fins ara es duen a terme en la consulta (la capacitaci\u00f3 del semen es realitza al Laboratori d&#8217;Andrologia de CIRH amb el qual la consulta t\u00e9 signat un conveni de col\u00b7laboraci\u00f3).<\/p>\n<p>&#8221; dnxt_pre_margin=&#8221;||||false|false&#8221; dnxt_pre_padding=&#8221;||||false|false&#8221; dnxt_header_padding=&#8221;30px|40px||40px|false|true&#8221; dnxt_body_padding=&#8221;||||false|false&#8221; dnxt_content_padding=&#8221;|40px|30px|40px|false|true&#8221; _builder_version=&#8221;4.21.0&#8243; _module_preset=&#8221;default&#8221; dnxt_heading_font=&#8221;|||on|||||&#8221; dnxt_heading_text_align=&#8221;center&#8221; dnxt_body_font=&#8221;|300|||||||&#8221; animation_style=&#8221;fade&#8221; border_width_top=&#8221;4px&#8221; border_color_top=&#8221;#E13830&#8243; box_shadow_style=&#8221;preset3&#8243; global_colors_info=&#8221;{}&#8221;][\/dnxte_blurb][dnxte_blurb blurb_heading=&#8221;Recepci\u00f3 d\u2019embrions donats&#8221; blurb_description=&#8221;<\/p>\n<p><span>Es tracta de la recepci\u00f3 per part d\u2019una dona d\u2019embrions que no s\u00f3n gen\u00e8ticament d\u2019 ella ni de la seva parella, si n\u2019hi hagu\u00e9s. Aquests embrions s\u00f3n el resultat de la donaci\u00f3 dels mateixos per part de parelles a qui no els hi transferiran.<\/span><\/p>\n<p>&#8221; dnxt_pre_margin=&#8221;||||false|false&#8221; dnxt_pre_padding=&#8221;||||false|false&#8221; dnxt_header_padding=&#8221;30px|40px||40px|false|true&#8221; dnxt_body_padding=&#8221;||||false|false&#8221; dnxt_content_padding=&#8221;|40px|30px|40px|false|true&#8221; _builder_version=&#8221;4.21.0&#8243; _module_preset=&#8221;default&#8221; dnxt_heading_font=&#8221;|||on|||||&#8221; dnxt_heading_text_align=&#8221;center&#8221; dnxt_body_font=&#8221;|300|||||||&#8221; animation_style=&#8221;fade&#8221; border_width_top=&#8221;4px&#8221; border_color_top=&#8221;#555555&#8243; box_shadow_style=&#8221;preset3&#8243; global_colors_info=&#8221;{}&#8221;][\/dnxte_blurb][dnxte_blurb dnxt_image=&#8221;https:\/\/www.samaranch.com\/wp-content\/uploads\/2023\/05\/retrato-recien-nacido-asimiento-padre-palmas.jpg&#8221; dnxt_pre_margin=&#8221;||||false|false&#8221; dnxt_pre_padding=&#8221;||||false|false&#8221; dnxt_header_padding=&#8221;0px||0px||true|true&#8221; dnxt_body_padding=&#8221;||||false|false&#8221; dnxt_content_padding=&#8221;|40px|30px|40px|false|true&#8221; _builder_version=&#8221;4.21.0&#8243; _module_preset=&#8221;default&#8221; dnxt_heading_font=&#8221;|||on|||||&#8221; dnxt_heading_text_align=&#8221;center&#8221; dnxt_body_font=&#8221;|300|||||||&#8221; animation_style=&#8221;fade&#8221; border_width_top=&#8221;4px&#8221; border_color_top=&#8221;#E13830&#8243; box_shadow_style=&#8221;preset3&#8243; global_colors_info=&#8221;{}&#8221;][\/dnxte_blurb][\/et_pb_column][\/et_pb_row][\/et_pb_section][et_pb_section fb_built=&#8221;1&#8243; prev_background_color=&#8221;#ffffff&#8221; _builder_version=&#8221;4.21.0&#8243; _module_preset=&#8221;default&#8221; background_color=&#8221;RGBA(225,56,48,0.08)&#8221; custom_padding=&#8221;||41px|||&#8221; top_divider_style=&#8221;wave&#8221; global_colors_info=&#8221;{}&#8221;][et_pb_row use_custom_gutter=&#8221;on&#8221; make_equal=&#8221;on&#8221; custom_padding_last_edited=&#8221;on|phone&#8221; _builder_version=&#8221;4.21.0&#8243; _module_preset=&#8221;default&#8221; width=&#8221;90%&#8221; max_width=&#8221;2560px&#8221; custom_padding=&#8221;20px||||false|false&#8221; custom_padding_tablet=&#8221;40px||||false|false&#8221; custom_padding_phone=&#8221;80px||||false|false&#8221; global_colors_info=&#8221;{}&#8221;][et_pb_column type=&#8221;4_4&#8243; _builder_version=&#8221;4.21.0&#8243; _module_preset=&#8221;default&#8221; global_colors_info=&#8221;{}&#8221;][dnxte_text_animation before_text=&#8221;Quant a les t\u00e8cniques descrites en els apartats 4 a 6 que requereixen laboratori de&#8221; text_animation=&#8221;%91{%22value%22:%22\u201cIn Vitro\u201d %22,%22checked%22:0,%22dragID%22:-1}%93&#8243; dnxt_text_animation_effect=&#8221;letters scale&#8221; heading_tag=&#8221;h3&#8243; disabled_on=&#8221;on|on|off&#8221; _builder_version=&#8221;4.21.0&#8243; _module_preset=&#8221;default&#8221; heading_fonts_font_size=&#8221;26px&#8221; animation_fonts_text_color=&#8221;#E13830&#8243; animation_fonts_font_size=&#8221;26px&#8221; custom_margin=&#8221;||-1px|||&#8221; custom_padding=&#8221;0px||0px||true|false&#8221; global_colors_info=&#8221;{}&#8221;][\/dnxte_text_animation][et_pb_text disabled_on=&#8221;on|on|off&#8221; _builder_version=&#8221;4.21.0&#8243; _module_preset=&#8221;default&#8221; custom_margin=&#8221;-45px|||||&#8221; global_colors_info=&#8221;{}&#8221;]<\/p>\n<h2>\u00a0el Dr. Samaranch ha estat col\u00b7laborador de CIRH des de la seva fundaci\u00f3, havent signat el corresponent contracte.<\/h2>\n<p>[\/et_pb_text][et_pb_text disabled_on=&#8221;off|off|on&#8221; _builder_version=&#8221;4.21.0&#8243; _module_preset=&#8221;default&#8221; header_2_line_height=&#8221;1.2em&#8221; custom_margin=&#8221;-45px|||||&#8221; global_colors_info=&#8221;{}&#8221;]<\/p>\n<h2>Quant a les t\u00e8cniques descrites en els apartats 4 a 6 que requereixen laboratori de  <em>&#8220;in vitro&#8221;<\/em>  el Dr. Samaranch ha estat col\u00b7laborador de CIRH des de la seva fundaci\u00f3, havent signat el corresponent contracte..<\/h2>\n<p>[\/et_pb_text][et_pb_text _builder_version=&#8221;4.21.0&#8243; _module_preset=&#8221;default&#8221; custom_margin=&#8221;-26px|||||&#8221; global_colors_info=&#8221;{}&#8221;]<\/p>\n<p><span>Tamb\u00e9 les t\u00e8cniques que requereixen quir\u00f2fan, es duen a terme a la cl\u00ednica Corach\u00e1n de Barcelona, centre referencial del Dr. Samaranch.<\/span><\/p>\n<p>[\/et_pb_text][\/et_pb_column][\/et_pb_row][\/et_pb_section]<\/p>\n","protected":false},"excerpt":{"rendered":"<p>Reproducci\u00f3 Assistida en Barcelona\u00a0\u00a0\u00a0\u00a0 Es defineix l\u2019 esterilitat com la impossibilitat\u00a0 que una parella obtingui un embar\u00e0s despr\u00e9s d\u2019un any de mantenir relacions sexuals sense utilitzar m\u00e8todes anticonceptius. \u00a0\u00a0\u00a0\u00a0\u00a0S\u2019estima que entre un 10% i un 15% de les parelles en edat f\u00e8rtil tindran alguna dificultat a l\u2019hora de concebre (aproximadament 600.000 o 700.00 parelles a [&hellip;]<\/p>\n","protected":false},"author":1,"featured_media":0,"parent":0,"menu_order":0,"comment_status":"closed","ping_status":"closed","template":"","meta":{"_et_pb_use_builder":"on","_et_pb_old_content":"","_et_gb_content_width":""},"aioseo_notices":[],"_links":{"self":[{"href":"https:\/\/www.samaranch.com\/ca\/wp-json\/wp\/v2\/pages\/562"}],"collection":[{"href":"https:\/\/www.samaranch.com\/ca\/wp-json\/wp\/v2\/pages"}],"about":[{"href":"https:\/\/www.samaranch.com\/ca\/wp-json\/wp\/v2\/types\/page"}],"author":[{"embeddable":true,"href":"https:\/\/www.samaranch.com\/ca\/wp-json\/wp\/v2\/users\/1"}],"replies":[{"embeddable":true,"href":"https:\/\/www.samaranch.com\/ca\/wp-json\/wp\/v2\/comments?post=562"}],"version-history":[{"count":6,"href":"https:\/\/www.samaranch.com\/ca\/wp-json\/wp\/v2\/pages\/562\/revisions"}],"predecessor-version":[{"id":1378,"href":"https:\/\/www.samaranch.com\/ca\/wp-json\/wp\/v2\/pages\/562\/revisions\/1378"}],"wp:attachment":[{"href":"https:\/\/www.samaranch.com\/ca\/wp-json\/wp\/v2\/media?parent=562"}],"curies":[{"name":"wp","href":"https:\/\/api.w.org\/{rel}","templated":true}]}}